{"id":25,"date":"2024-10-09T10:06:24","date_gmt":"2024-10-09T10:06:24","guid":{"rendered":"https:\/\/hotel-dell-opera.ms2.decms.eu\/?page_id=25"},"modified":"2025-03-26T15:42:23","modified_gmt":"2025-03-26T15:42:23","slug":"hotel","status":"publish","type":"page","link":"https:\/\/www.hoteldelloperavenice.com\/de\/hotel\/","title":{"rendered":"Hotel"},"content":{"rendered":"<p style=\"text-align: left\">Das <strong>Hotel dell\u2019Opera<\/strong> erwartet seine G\u00e4ste in einem ausgesprochen vornehmen und raffinierten Ambiente und einer behaglichen und entspannenden Atmosph\u00e4re mit den Dienstleistungen und dem Komfort eines hervorragenden <strong>venezianischen 3-Sterne Hotels<\/strong>.<\/p>\n<p>Die G\u00e4ste des Hotel dell\u2019Opera k\u00f6nnen von der <strong>Aussichtsterrasse<\/strong> einen Ausblick auf die D\u00e4cher der Stadt genie\u00dfen. Dort befindet sich auch die Honesty Bar mit Selbstbedienung, die ein gro\u00dfes Sortiment von alkoholischen Getr\u00e4nken, Softdrinks, Kr\u00e4utertees und anderen Teesorten zu bieten hat, die erholsame Momente in venezianischer Atmosph\u00e4re begleiten.<\/p>\n","protected":false},"excerpt":{"rendered":"<p>Das Hotel dell\u2019Opera erwartet seine G\u00e4ste in einem ausgesprochen vornehmen und raffinierten Ambiente und einer behaglichen und entspannenden Atmosph\u00e4re mit den Dienstleistungen und dem Komfort eines hervorragenden venezianischen 3-Sterne Hotels. Die G\u00e4ste des Hotel dell\u2019Opera k\u00f6nnen von der Aussichtsterrasse einen Ausblick auf die D\u00e4cher der Stadt genie\u00dfen. Dort befindet sich auch die Honesty Bar mit [&hellip;]<\/p>\n","protected":false},"author":13,"featured_media":0,"parent":0,"menu_order":5,"comment_status":"closed","ping_status":"closed","template":"","meta":{"footnotes":""},"yoast_head":"<!-- This site is optimized with the Yoast SEO plugin v22.3 - https:\/\/yoast.com\/wordpress\/plugins\/seo\/ -->\n<title>Hotel - Hotel dell&#039;Opera -<\/title>\n<meta name=\"description\" content=\"Das Hotel dell\u2019Opera erwartet seine G\u00e4ste in einem ausgesprochen vornehmen und raffinierten Ambiente und einer behaglichen und entspannenden Atmosph\u00e4re mit den Dienstleistungen und dem Komfort eines hervorragenden venezianischen 3-Sterne Hotels. Die G\u00e4ste des Hotel dell\u2019Opera k\u00f6nnen von der Aussichtsterrasse einen Ausblick auf die D\u00e4cher der Stadt genie\u00dfen. Dort befindet sich auch die Honesty Bar mit Selbstbedienung, die ein gro\u00dfes Sortiment von alkoholischen Getr\u00e4nken, Softdrinks, Kr\u00e4utertees und anderen Teesorten zu bieten hat, die erholsame Momente in venezianischer Atmosph\u00e4re begleiten.\" \/>\n<meta name=\"robots\" content=\"index, follow, max-snippet:-1, max-image-preview:large, max-video-preview:-1\" \/>\n<link rel=\"canonical\" href=\"https:\/\/www.hoteldelloperavenice.com\/de\/hotel\/\" \/>\n<meta property=\"og:locale\" content=\"de_DE\" \/>\n<meta property=\"og:type\" content=\"article\" \/>\n<meta property=\"og:title\" content=\"Hotel - Hotel dell&#039;Opera -\" \/>\n<meta property=\"og:description\" content=\"Das Hotel dell\u2019Opera erwartet seine G\u00e4ste in einem ausgesprochen vornehmen und raffinierten Ambiente und einer behaglichen und entspannenden Atmosph\u00e4re mit den Dienstleistungen und dem Komfort eines hervorragenden venezianischen 3-Sterne Hotels. Die G\u00e4ste des Hotel dell\u2019Opera k\u00f6nnen von der Aussichtsterrasse einen Ausblick auf die D\u00e4cher der Stadt genie\u00dfen. Dort befindet sich auch die Honesty Bar mit Selbstbedienung, die ein gro\u00dfes Sortiment von alkoholischen Getr\u00e4nken, Softdrinks, Kr\u00e4utertees und anderen Teesorten zu bieten hat, die erholsame Momente in venezianischer Atmosph\u00e4re begleiten.\" \/>\n<meta property=\"og:url\" content=\"https:\/\/www.hoteldelloperavenice.com\/de\/hotel\/\" \/>\n<meta property=\"og:site_name\" content=\"Hotel dell&#039;Opera\" \/>\n<meta property=\"article:publisher\" content=\"https:\/\/www.facebook.com\/Hotel-dellOpera-Venice-419269684836967\/\" \/>\n<meta property=\"article:modified_time\" content=\"2025-03-26T15:42:23+00:00\" \/>\n<meta name=\"twitter:card\" content=\"summary_large_image\" \/>\n<meta name=\"twitter:label1\" content=\"Gesch\u00e4tzte Lesezeit\" \/>\n\t<meta name=\"twitter:data1\" content=\"1 Minute\" \/>\n<script type=\"application\/ld+json\" class=\"yoast-schema-graph\">{\"@context\":\"https:\/\/schema.org\",\"@graph\":[{\"@type\":\"WebPage\",\"@id\":\"https:\/\/www.hoteldelloperavenice.com\/de\/hotel\/\",\"url\":\"https:\/\/www.hoteldelloperavenice.com\/de\/hotel\/\",\"name\":\"Hotel - Hotel dell&#039;Opera -\",\"isPartOf\":{\"@id\":\"https:\/\/www.hoteldelloperavenice.com\/de\/#website\"},\"datePublished\":\"2024-10-09T10:06:24+00:00\",\"dateModified\":\"2025-03-26T15:42:23+00:00\",\"description\":\"Das Hotel dell\u2019Opera erwartet seine G\u00e4ste in einem ausgesprochen vornehmen und raffinierten Ambiente und einer behaglichen und entspannenden Atmosph\u00e4re mit den Dienstleistungen und dem Komfort eines hervorragenden venezianischen 3-Sterne Hotels. Die G\u00e4ste des Hotel dell\u2019Opera k\u00f6nnen von der Aussichtsterrasse einen Ausblick auf die D\u00e4cher der Stadt genie\u00dfen. Dort befindet sich auch die Honesty Bar mit Selbstbedienung, die ein gro\u00dfes Sortiment von alkoholischen Getr\u00e4nken, Softdrinks, Kr\u00e4utertees und anderen Teesorten zu bieten hat, die erholsame Momente in venezianischer Atmosph\u00e4re begleiten.\",\"breadcrumb\":{\"@id\":\"https:\/\/www.hoteldelloperavenice.com\/de\/hotel\/#breadcrumb\"},\"inLanguage\":\"de-DE\",\"potentialAction\":[{\"@type\":\"ReadAction\",\"target\":[\"https:\/\/www.hoteldelloperavenice.com\/de\/hotel\/\"]}]},{\"@type\":\"BreadcrumbList\",\"@id\":\"https:\/\/www.hoteldelloperavenice.com\/de\/hotel\/#breadcrumb\",\"itemListElement\":[{\"@type\":\"ListItem\",\"position\":1,\"name\":\"Home\",\"item\":\"https:\/\/www.hoteldelloperavenice.com\/de\/\"},{\"@type\":\"ListItem\",\"position\":2,\"name\":\"Hotel\"}]},{\"@type\":\"WebSite\",\"@id\":\"https:\/\/www.hoteldelloperavenice.com\/de\/#website\",\"url\":\"https:\/\/www.hoteldelloperavenice.com\/de\/\",\"name\":\"Hotel dell'Opera\",\"description\":\"\",\"publisher\":{\"@id\":\"https:\/\/www.hoteldelloperavenice.com\/de\/#organization\"},\"potentialAction\":[{\"@type\":\"SearchAction\",\"target\":{\"@type\":\"EntryPoint\",\"urlTemplate\":\"https:\/\/www.hoteldelloperavenice.com\/de\/?s={search_term_string}\"},\"query-input\":\"required name=search_term_string\"}],\"inLanguage\":\"de-DE\"},{\"@type\":\"Organization\",\"@id\":\"https:\/\/www.hoteldelloperavenice.com\/de\/#organization\",\"name\":\"Hotel dell'Opera\",\"url\":\"https:\/\/www.hoteldelloperavenice.com\/de\/\",\"logo\":{\"@type\":\"ImageObject\",\"inLanguage\":\"de-DE\",\"@id\":\"https:\/\/www.hoteldelloperavenice.com\/de\/#\/schema\/logo\/image\/\",\"url\":\"https:\/\/www.hoteldelloperavenice.com\/wp-content\/uploads\/sites\/175\/2024\/10\/HdO-logo_colorato.png\",\"contentUrl\":\"https:\/\/www.hoteldelloperavenice.com\/wp-content\/uploads\/sites\/175\/2024\/10\/HdO-logo_colorato.png\",\"width\":500,\"height\":563,\"caption\":\"Hotel dell'Opera\"},\"image\":{\"@id\":\"https:\/\/www.hoteldelloperavenice.com\/de\/#\/schema\/logo\/image\/\"},\"sameAs\":[\"https:\/\/www.facebook.com\/Hotel-dellOpera-Venice-419269684836967\/\",\"https:\/\/www.instagram.com\/hoteldelloperavenice\/?hl=it\"]}]}<\/script>\n<!-- \/ Yoast SEO plugin. -->","yoast_head_json":{"title":"Hotel - Hotel dell&#039;Opera -","description":"Das Hotel dell\u2019Opera erwartet seine G\u00e4ste in einem ausgesprochen vornehmen und raffinierten Ambiente und einer behaglichen und entspannenden Atmosph\u00e4re mit den Dienstleistungen und dem Komfort eines hervorragenden venezianischen 3-Sterne Hotels. Die G\u00e4ste des Hotel dell\u2019Opera k\u00f6nnen von der Aussichtsterrasse einen Ausblick auf die D\u00e4cher der Stadt genie\u00dfen. Dort befindet sich auch die Honesty Bar mit Selbstbedienung, die ein gro\u00dfes Sortiment von alkoholischen Getr\u00e4nken, Softdrinks, Kr\u00e4utertees und anderen Teesorten zu bieten hat, die erholsame Momente in venezianischer Atmosph\u00e4re begleiten.","robots":{"index":"index","follow":"follow","max-snippet":"max-snippet:-1","max-image-preview":"max-image-preview:large","max-video-preview":"max-video-preview:-1"},"canonical":"https:\/\/www.hoteldelloperavenice.com\/de\/hotel\/","og_locale":"de_DE","og_type":"article","og_title":"Hotel - Hotel dell&#039;Opera -","og_description":"Das Hotel dell\u2019Opera erwartet seine G\u00e4ste in einem ausgesprochen vornehmen und raffinierten Ambiente und einer behaglichen und entspannenden Atmosph\u00e4re mit den Dienstleistungen und dem Komfort eines hervorragenden venezianischen 3-Sterne Hotels. Die G\u00e4ste des Hotel dell\u2019Opera k\u00f6nnen von der Aussichtsterrasse einen Ausblick auf die D\u00e4cher der Stadt genie\u00dfen. Dort befindet sich auch die Honesty Bar mit Selbstbedienung, die ein gro\u00dfes Sortiment von alkoholischen Getr\u00e4nken, Softdrinks, Kr\u00e4utertees und anderen Teesorten zu bieten hat, die erholsame Momente in venezianischer Atmosph\u00e4re begleiten.","og_url":"https:\/\/www.hoteldelloperavenice.com\/de\/hotel\/","og_site_name":"Hotel dell&#039;Opera","article_publisher":"https:\/\/www.facebook.com\/Hotel-dellOpera-Venice-419269684836967\/","article_modified_time":"2025-03-26T15:42:23+00:00","twitter_card":"summary_large_image","twitter_misc":{"Gesch\u00e4tzte Lesezeit":"1 Minute"},"schema":{"@context":"https:\/\/schema.org","@graph":[{"@type":"WebPage","@id":"https:\/\/www.hoteldelloperavenice.com\/de\/hotel\/","url":"https:\/\/www.hoteldelloperavenice.com\/de\/hotel\/","name":"Hotel - Hotel dell&#039;Opera -","isPartOf":{"@id":"https:\/\/www.hoteldelloperavenice.com\/de\/#website"},"datePublished":"2024-10-09T10:06:24+00:00","dateModified":"2025-03-26T15:42:23+00:00","description":"Das Hotel dell\u2019Opera erwartet seine G\u00e4ste in einem ausgesprochen vornehmen und raffinierten Ambiente und einer behaglichen und entspannenden Atmosph\u00e4re mit den Dienstleistungen und dem Komfort eines hervorragenden venezianischen 3-Sterne Hotels. Die G\u00e4ste des Hotel dell\u2019Opera k\u00f6nnen von der Aussichtsterrasse einen Ausblick auf die D\u00e4cher der Stadt genie\u00dfen. Dort befindet sich auch die Honesty Bar mit Selbstbedienung, die ein gro\u00dfes Sortiment von alkoholischen Getr\u00e4nken, Softdrinks, Kr\u00e4utertees und anderen Teesorten zu bieten hat, die erholsame Momente in venezianischer Atmosph\u00e4re begleiten.","breadcrumb":{"@id":"https:\/\/www.hoteldelloperavenice.com\/de\/hotel\/#breadcrumb"},"inLanguage":"de-DE","potentialAction":[{"@type":"ReadAction","target":["https:\/\/www.hoteldelloperavenice.com\/de\/hotel\/"]}]},{"@type":"BreadcrumbList","@id":"https:\/\/www.hoteldelloperavenice.com\/de\/hotel\/#breadcrumb","itemListElement":[{"@type":"ListItem","position":1,"name":"Home","item":"https:\/\/www.hoteldelloperavenice.com\/de\/"},{"@type":"ListItem","position":2,"name":"Hotel"}]},{"@type":"WebSite","@id":"https:\/\/www.hoteldelloperavenice.com\/de\/#website","url":"https:\/\/www.hoteldelloperavenice.com\/de\/","name":"Hotel dell'Opera","description":"","publisher":{"@id":"https:\/\/www.hoteldelloperavenice.com\/de\/#organization"},"potentialAction":[{"@type":"SearchAction","target":{"@type":"EntryPoint","urlTemplate":"https:\/\/www.hoteldelloperavenice.com\/de\/?s={search_term_string}"},"query-input":"required name=search_term_string"}],"inLanguage":"de-DE"},{"@type":"Organization","@id":"https:\/\/www.hoteldelloperavenice.com\/de\/#organization","name":"Hotel dell'Opera","url":"https:\/\/www.hoteldelloperavenice.com\/de\/","logo":{"@type":"ImageObject","inLanguage":"de-DE","@id":"https:\/\/www.hoteldelloperavenice.com\/de\/#\/schema\/logo\/image\/","url":"https:\/\/www.hoteldelloperavenice.com\/wp-content\/uploads\/sites\/175\/2024\/10\/HdO-logo_colorato.png","contentUrl":"https:\/\/www.hoteldelloperavenice.com\/wp-content\/uploads\/sites\/175\/2024\/10\/HdO-logo_colorato.png","width":500,"height":563,"caption":"Hotel dell'Opera"},"image":{"@id":"https:\/\/www.hoteldelloperavenice.com\/de\/#\/schema\/logo\/image\/"},"sameAs":["https:\/\/www.facebook.com\/Hotel-dellOpera-Venice-419269684836967\/","https:\/\/www.instagram.com\/hoteldelloperavenice\/?hl=it"]}]}},"acf":[],"_links":{"self":[{"href":"https:\/\/www.hoteldelloperavenice.com\/de\/wp-json\/wp\/v2\/pages\/25"}],"collection":[{"href":"https:\/\/www.hoteldelloperavenice.com\/de\/wp-json\/wp\/v2\/pages"}],"about":[{"href":"https:\/\/www.hoteldelloperavenice.com\/de\/wp-json\/wp\/v2\/types\/page"}],"author":[{"embeddable":true,"href":"https:\/\/www.hoteldelloperavenice.com\/de\/wp-json\/wp\/v2\/users\/13"}],"replies":[{"embeddable":true,"href":"https:\/\/www.hoteldelloperavenice.com\/de\/wp-json\/wp\/v2\/comments?post=25"}],"version-history":[{"count":0,"href":"https:\/\/www.hoteldelloperavenice.com\/de\/wp-json\/wp\/v2\/pages\/25\/revisions"}],"wp:attachment":[{"href":"https:\/\/www.hoteldelloperavenice.com\/de\/wp-json\/wp\/v2\/media?parent=25"}],"curies":[{"name":"wp","href":"https:\/\/api.w.org\/{rel}","templated":true}]}}