{"id":466,"date":"2026-03-10T18:21:41","date_gmt":"2026-03-10T18:21:41","guid":{"rendered":"https:\/\/www.hoteldelloperavenice.com\/?page_id=466"},"modified":"2026-03-11T08:41:45","modified_gmt":"2026-03-11T08:41:45","slug":"zugangsbeitrag-2026","status":"publish","type":"page","link":"https:\/\/www.hoteldelloperavenice.com\/de\/zugangsbeitrag-2026\/","title":{"rendered":"Zugangsbeitrag 2026"},"content":{"rendered":"<p>Sehr geehrter Gast,<\/p>\n<p>Im Zeitraum vom 3. April 2026 bis zum 26. Juli 2026 gilt die Venedig-Zugangsgeb\u00fchr an bestimmten Tagen.<\/p>\n<p>Wenn Sie in einer Unterkunft innerhalb der Stadt Venedig \u00fcbernachten und die Kurtaxe entrichten m\u00fcssen, sind Sie von der Zugangsgeb\u00fchr befreit, ben\u00f6tigen jedoch einen QR-Code, der Ihren Aufenthalt best\u00e4tigt.<\/p>\n<p>Um den QR-Code f\u00fcr sich und Ihre Familie zu erhalten, besuchen Sie https:\/\/cda.ve.it, w\u00e4hlen Sie \u201eBefreiung beantragen\u201c und f\u00fcgen Sie unter \u201eInhaber hinzuf\u00fcgen\u201c die Namen weiterer G\u00e4ste hinzu. Bewahren Sie die erhaltenen Gutscheine digital auf und zeigen Sie sie bei Kontrollen dem autorisierten Personal an den Hauptzug\u00e4ngen der Stadt vor.<\/p>\n<p>&nbsp;<\/p>\n<p><img loading=\"lazy\" decoding=\"async\" class=\" wp-image-473 aligncenter\" src=\"https:\/\/www.hoteldelloperavenice.com\/wp-content\/uploads\/sites\/175\/2026\/03\/CalendarioRaggruppatoITA-300x300.png\" alt=\"\" width=\"317\" height=\"317\" srcset=\"https:\/\/www.hoteldelloperavenice.com\/wp-content\/uploads\/sites\/175\/2026\/03\/CalendarioRaggruppatoITA-300x300.png 300w, https:\/\/www.hoteldelloperavenice.com\/wp-content\/uploads\/sites\/175\/2026\/03\/CalendarioRaggruppatoITA-150x150.png 150w, https:\/\/www.hoteldelloperavenice.com\/wp-content\/uploads\/sites\/175\/2026\/03\/CalendarioRaggruppatoITA-768x768.png 768w, https:\/\/www.hoteldelloperavenice.com\/wp-content\/uploads\/sites\/175\/2026\/03\/CalendarioRaggruppatoITA-60x60.png 60w, https:\/\/www.hoteldelloperavenice.com\/wp-content\/uploads\/sites\/175\/2026\/03\/CalendarioRaggruppatoITA-600x600.png 600w, https:\/\/www.hoteldelloperavenice.com\/wp-content\/uploads\/sites\/175\/2026\/03\/CalendarioRaggruppatoITA.png 841w\" sizes=\"auto, (max-width: 317px) 100vw, 317px\" \/><\/p>\n","protected":false},"excerpt":{"rendered":"<p>Sehr geehrter Gast, Im Zeitraum vom 3. April 2026 bis zum 26. Juli 2026 gilt die Venedig-Zugangsgeb\u00fchr an bestimmten Tagen. Wenn Sie in einer Unterkunft innerhalb der Stadt Venedig \u00fcbernachten und die Kurtaxe entrichten m\u00fcssen, sind Sie von der Zugangsgeb\u00fchr befreit, ben\u00f6tigen jedoch einen QR-Code, der Ihren Aufenthalt best\u00e4tigt. Um den QR-Code f\u00fcr sich und [&hellip;]<\/p>\n","protected":false},"author":196,"featured_media":0,"parent":0,"menu_order":0,"comment_status":"closed","ping_status":"closed","template":"","meta":{"footnotes":""},"class_list":["post-466","page","type-page","status-publish","hentry"],"yoast_head":"<!-- This site is optimized with the Yoast SEO plugin v27.3 - https:\/\/yoast.com\/product\/yoast-seo-wordpress\/ -->\n<title>Zugangsbeitrag 2026 - Hotel dell&#039;Opera -<\/title>\n<meta name=\"description\" content=\"Sehr geehrter Gast,  Im Zeitraum vom 3. April 2026 bis zum 26\" \/>\n<meta name=\"robots\" content=\"index, follow, max-snippet:-1, max-image-preview:large, max-video-preview:-1\" \/>\n<link rel=\"canonical\" href=\"https:\/\/www.hoteldelloperavenice.com\/de\/zugangsbeitrag-2026\/\" \/>\n<meta property=\"og:locale\" content=\"de_DE\" \/>\n<meta property=\"og:type\" content=\"article\" \/>\n<meta property=\"og:title\" content=\"Zugangsbeitrag 2026 - Hotel dell&#039;Opera -\" \/>\n<meta property=\"og:description\" content=\"Sehr geehrter Gast,  Im Zeitraum vom 3. April 2026 bis zum 26\" \/>\n<meta property=\"og:url\" content=\"https:\/\/www.hoteldelloperavenice.com\/de\/zugangsbeitrag-2026\/\" \/>\n<meta property=\"og:site_name\" content=\"Hotel dell&#039;Opera\" \/>\n<meta property=\"article:publisher\" content=\"https:\/\/www.facebook.com\/Hotel-dellOpera-Venice-419269684836967\/\" \/>\n<meta property=\"article:modified_time\" content=\"2026-03-11T08:41:45+00:00\" \/>\n<meta property=\"og:image\" content=\"https:\/\/www.hoteldelloperavenice.com\/wp-content\/uploads\/sites\/175\/2026\/03\/CalendarioRaggruppatoITA-300x300.png\" \/>\n<meta name=\"twitter:card\" content=\"summary_large_image\" \/>\n<meta name=\"twitter:label1\" content=\"Gesch\u00e4tzte Lesezeit\" \/>\n\t<meta name=\"twitter:data1\" content=\"1 Minute\" \/>\n<script type=\"application\/ld+json\" class=\"yoast-schema-graph\">{\"@context\":\"https:\\\/\\\/schema.org\",\"@graph\":[{\"@type\":\"WebPage\",\"@id\":\"https:\\\/\\\/www.hoteldelloperavenice.com\\\/de\\\/zugangsbeitrag-2026\\\/\",\"url\":\"https:\\\/\\\/www.hoteldelloperavenice.com\\\/de\\\/zugangsbeitrag-2026\\\/\",\"name\":\"Zugangsbeitrag 2026 - Hotel dell&#039;Opera -\",\"isPartOf\":{\"@id\":\"https:\\\/\\\/www.hoteldelloperavenice.com\\\/de\\\/#website\"},\"primaryImageOfPage\":{\"@id\":\"https:\\\/\\\/www.hoteldelloperavenice.com\\\/de\\\/zugangsbeitrag-2026\\\/#primaryimage\"},\"image\":{\"@id\":\"https:\\\/\\\/www.hoteldelloperavenice.com\\\/de\\\/zugangsbeitrag-2026\\\/#primaryimage\"},\"thumbnailUrl\":\"https:\\\/\\\/www.hoteldelloperavenice.com\\\/wp-content\\\/uploads\\\/sites\\\/175\\\/2026\\\/03\\\/CalendarioRaggruppatoITA-300x300.png\",\"datePublished\":\"2026-03-10T18:21:41+00:00\",\"dateModified\":\"2026-03-11T08:41:45+00:00\",\"description\":\"Sehr geehrter Gast, Im Zeitraum vom 3. April 2026 bis zum 26\",\"breadcrumb\":{\"@id\":\"https:\\\/\\\/www.hoteldelloperavenice.com\\\/de\\\/zugangsbeitrag-2026\\\/#breadcrumb\"},\"inLanguage\":\"de-DE\",\"potentialAction\":[{\"@type\":\"ReadAction\",\"target\":[\"https:\\\/\\\/www.hoteldelloperavenice.com\\\/de\\\/zugangsbeitrag-2026\\\/\"]}]},{\"@type\":\"ImageObject\",\"inLanguage\":\"de-DE\",\"@id\":\"https:\\\/\\\/www.hoteldelloperavenice.com\\\/de\\\/zugangsbeitrag-2026\\\/#primaryimage\",\"url\":\"https:\\\/\\\/www.hoteldelloperavenice.com\\\/wp-content\\\/uploads\\\/sites\\\/175\\\/2026\\\/03\\\/CalendarioRaggruppatoITA-300x300.png\",\"contentUrl\":\"https:\\\/\\\/www.hoteldelloperavenice.com\\\/wp-content\\\/uploads\\\/sites\\\/175\\\/2026\\\/03\\\/CalendarioRaggruppatoITA-300x300.png\"},{\"@type\":\"BreadcrumbList\",\"@id\":\"https:\\\/\\\/www.hoteldelloperavenice.com\\\/de\\\/zugangsbeitrag-2026\\\/#breadcrumb\",\"itemListElement\":[{\"@type\":\"ListItem\",\"position\":1,\"name\":\"Home\",\"item\":\"https:\\\/\\\/www.hoteldelloperavenice.com\\\/de\\\/\"},{\"@type\":\"ListItem\",\"position\":2,\"name\":\"Zugangsbeitrag 2026\"}]},{\"@type\":\"WebSite\",\"@id\":\"https:\\\/\\\/www.hoteldelloperavenice.com\\\/de\\\/#website\",\"url\":\"https:\\\/\\\/www.hoteldelloperavenice.com\\\/de\\\/\",\"name\":\"Hotel dell'Opera\",\"description\":\"\",\"publisher\":{\"@id\":\"https:\\\/\\\/www.hoteldelloperavenice.com\\\/de\\\/#organization\"},\"potentialAction\":[{\"@type\":\"SearchAction\",\"target\":{\"@type\":\"EntryPoint\",\"urlTemplate\":\"https:\\\/\\\/www.hoteldelloperavenice.com\\\/de\\\/?s={search_term_string}\"},\"query-input\":{\"@type\":\"PropertyValueSpecification\",\"valueRequired\":true,\"valueName\":\"search_term_string\"}}],\"inLanguage\":\"de-DE\"},{\"@type\":\"Organization\",\"@id\":\"https:\\\/\\\/www.hoteldelloperavenice.com\\\/de\\\/#organization\",\"name\":\"Hotel dell'Opera\",\"url\":\"https:\\\/\\\/www.hoteldelloperavenice.com\\\/de\\\/\",\"logo\":{\"@type\":\"ImageObject\",\"inLanguage\":\"de-DE\",\"@id\":\"https:\\\/\\\/www.hoteldelloperavenice.com\\\/de\\\/#\\\/schema\\\/logo\\\/image\\\/\",\"url\":\"https:\\\/\\\/www.hoteldelloperavenice.com\\\/wp-content\\\/uploads\\\/sites\\\/175\\\/2024\\\/10\\\/HdO-logo_colorato.png\",\"contentUrl\":\"https:\\\/\\\/www.hoteldelloperavenice.com\\\/wp-content\\\/uploads\\\/sites\\\/175\\\/2024\\\/10\\\/HdO-logo_colorato.png\",\"width\":500,\"height\":563,\"caption\":\"Hotel dell'Opera\"},\"image\":{\"@id\":\"https:\\\/\\\/www.hoteldelloperavenice.com\\\/de\\\/#\\\/schema\\\/logo\\\/image\\\/\"},\"sameAs\":[\"https:\\\/\\\/www.facebook.com\\\/Hotel-dellOpera-Venice-419269684836967\\\/\",\"https:\\\/\\\/www.instagram.com\\\/hoteldelloperavenice\\\/?hl=it\"]}]}<\/script>\n<!-- \/ Yoast SEO plugin. -->","yoast_head_json":{"title":"Zugangsbeitrag 2026 - Hotel dell&#039;Opera -","description":"Sehr geehrter Gast,  Im Zeitraum vom 3. April 2026 bis zum 26","robots":{"index":"index","follow":"follow","max-snippet":"max-snippet:-1","max-image-preview":"max-image-preview:large","max-video-preview":"max-video-preview:-1"},"canonical":"https:\/\/www.hoteldelloperavenice.com\/de\/zugangsbeitrag-2026\/","og_locale":"de_DE","og_type":"article","og_title":"Zugangsbeitrag 2026 - Hotel dell&#039;Opera -","og_description":"Sehr geehrter Gast,  Im Zeitraum vom 3. April 2026 bis zum 26","og_url":"https:\/\/www.hoteldelloperavenice.com\/de\/zugangsbeitrag-2026\/","og_site_name":"Hotel dell&#039;Opera","article_publisher":"https:\/\/www.facebook.com\/Hotel-dellOpera-Venice-419269684836967\/","article_modified_time":"2026-03-11T08:41:45+00:00","og_image":[{"url":"https:\/\/www.hoteldelloperavenice.com\/wp-content\/uploads\/sites\/175\/2026\/03\/CalendarioRaggruppatoITA-300x300.png","type":"","width":"","height":""}],"twitter_card":"summary_large_image","twitter_misc":{"Gesch\u00e4tzte Lesezeit":"1 Minute"},"schema":{"@context":"https:\/\/schema.org","@graph":[{"@type":"WebPage","@id":"https:\/\/www.hoteldelloperavenice.com\/de\/zugangsbeitrag-2026\/","url":"https:\/\/www.hoteldelloperavenice.com\/de\/zugangsbeitrag-2026\/","name":"Zugangsbeitrag 2026 - Hotel dell&#039;Opera -","isPartOf":{"@id":"https:\/\/www.hoteldelloperavenice.com\/de\/#website"},"primaryImageOfPage":{"@id":"https:\/\/www.hoteldelloperavenice.com\/de\/zugangsbeitrag-2026\/#primaryimage"},"image":{"@id":"https:\/\/www.hoteldelloperavenice.com\/de\/zugangsbeitrag-2026\/#primaryimage"},"thumbnailUrl":"https:\/\/www.hoteldelloperavenice.com\/wp-content\/uploads\/sites\/175\/2026\/03\/CalendarioRaggruppatoITA-300x300.png","datePublished":"2026-03-10T18:21:41+00:00","dateModified":"2026-03-11T08:41:45+00:00","description":"Sehr geehrter Gast, Im Zeitraum vom 3. April 2026 bis zum 26","breadcrumb":{"@id":"https:\/\/www.hoteldelloperavenice.com\/de\/zugangsbeitrag-2026\/#breadcrumb"},"inLanguage":"de-DE","potentialAction":[{"@type":"ReadAction","target":["https:\/\/www.hoteldelloperavenice.com\/de\/zugangsbeitrag-2026\/"]}]},{"@type":"ImageObject","inLanguage":"de-DE","@id":"https:\/\/www.hoteldelloperavenice.com\/de\/zugangsbeitrag-2026\/#primaryimage","url":"https:\/\/www.hoteldelloperavenice.com\/wp-content\/uploads\/sites\/175\/2026\/03\/CalendarioRaggruppatoITA-300x300.png","contentUrl":"https:\/\/www.hoteldelloperavenice.com\/wp-content\/uploads\/sites\/175\/2026\/03\/CalendarioRaggruppatoITA-300x300.png"},{"@type":"BreadcrumbList","@id":"https:\/\/www.hoteldelloperavenice.com\/de\/zugangsbeitrag-2026\/#breadcrumb","itemListElement":[{"@type":"ListItem","position":1,"name":"Home","item":"https:\/\/www.hoteldelloperavenice.com\/de\/"},{"@type":"ListItem","position":2,"name":"Zugangsbeitrag 2026"}]},{"@type":"WebSite","@id":"https:\/\/www.hoteldelloperavenice.com\/de\/#website","url":"https:\/\/www.hoteldelloperavenice.com\/de\/","name":"Hotel dell'Opera","description":"","publisher":{"@id":"https:\/\/www.hoteldelloperavenice.com\/de\/#organization"},"potentialAction":[{"@type":"SearchAction","target":{"@type":"EntryPoint","urlTemplate":"https:\/\/www.hoteldelloperavenice.com\/de\/?s={search_term_string}"},"query-input":{"@type":"PropertyValueSpecification","valueRequired":true,"valueName":"search_term_string"}}],"inLanguage":"de-DE"},{"@type":"Organization","@id":"https:\/\/www.hoteldelloperavenice.com\/de\/#organization","name":"Hotel dell'Opera","url":"https:\/\/www.hoteldelloperavenice.com\/de\/","logo":{"@type":"ImageObject","inLanguage":"de-DE","@id":"https:\/\/www.hoteldelloperavenice.com\/de\/#\/schema\/logo\/image\/","url":"https:\/\/www.hoteldelloperavenice.com\/wp-content\/uploads\/sites\/175\/2024\/10\/HdO-logo_colorato.png","contentUrl":"https:\/\/www.hoteldelloperavenice.com\/wp-content\/uploads\/sites\/175\/2024\/10\/HdO-logo_colorato.png","width":500,"height":563,"caption":"Hotel dell'Opera"},"image":{"@id":"https:\/\/www.hoteldelloperavenice.com\/de\/#\/schema\/logo\/image\/"},"sameAs":["https:\/\/www.facebook.com\/Hotel-dellOpera-Venice-419269684836967\/","https:\/\/www.instagram.com\/hoteldelloperavenice\/?hl=it"]}]}},"acf":[],"_links":{"self":[{"href":"https:\/\/www.hoteldelloperavenice.com\/de\/wp-json\/wp\/v2\/pages\/466","targetHints":{"allow":["GET"]}}],"collection":[{"href":"https:\/\/www.hoteldelloperavenice.com\/de\/wp-json\/wp\/v2\/pages"}],"about":[{"href":"https:\/\/www.hoteldelloperavenice.com\/de\/wp-json\/wp\/v2\/types\/page"}],"author":[{"embeddable":true,"href":"https:\/\/www.hoteldelloperavenice.com\/de\/wp-json\/wp\/v2\/users\/196"}],"replies":[{"embeddable":true,"href":"https:\/\/www.hoteldelloperavenice.com\/de\/wp-json\/wp\/v2\/comments?post=466"}],"version-history":[{"count":0,"href":"https:\/\/www.hoteldelloperavenice.com\/de\/wp-json\/wp\/v2\/pages\/466\/revisions"}],"wp:attachment":[{"href":"https:\/\/www.hoteldelloperavenice.com\/de\/wp-json\/wp\/v2\/media?parent=466"}],"curies":[{"name":"wp","href":"https:\/\/api.w.org\/{rel}","templated":true}]}}