{"id":68,"date":"2024-10-09T15:13:19","date_gmt":"2024-10-09T15:13:19","guid":{"rendered":"https:\/\/hotel-dell-opera.ms2.decms.eu\/?page_id=68"},"modified":"2024-10-15T12:10:28","modified_gmt":"2024-10-15T12:10:28","slug":"dreibettzimmer-comfort","status":"publish","type":"page","link":"https:\/\/www.hoteldelloperavenice.com\/de\/zimmer\/dreibettzimmer-comfort\/","title":{"rendered":"Dreibettzimmer Comfort"},"content":{"rendered":"<p>Die Zimmer sind mit eleganten Vorh\u00e4ngen, ideal f\u00fcr 3 g\u00e4ste, venezianischen Fu\u00dfb\u00f6den oder Holzparkett ausgestattet und zaubern ein ideales Ambiente f\u00fcr einen komfortablen und romantischen Aufenthalt. LCD-Satelliten-TV, Wireless-Internetverbindung.<\/p>\n","protected":false},"excerpt":{"rendered":"<p>Die Zimmer sind mit eleganten Vorh\u00e4ngen, ideal f\u00fcr 3 g\u00e4ste, venezianischen Fu\u00dfb\u00f6den oder Holzparkett ausgestattet und zaubern ein ideales Ambiente f\u00fcr einen komfortablen und romantischen Aufenthalt. LCD-Satelliten-TV, Wireless-Internetverbindung.<\/p>\n","protected":false},"author":13,"featured_media":0,"parent":35,"menu_order":20,"comment_status":"closed","ping_status":"closed","template":"template-single-room.php","meta":{"footnotes":""},"yoast_head":"<!-- This site is optimized with the Yoast SEO plugin v22.3 - https:\/\/yoast.com\/wordpress\/plugins\/seo\/ -->\n<title>Dreibettzimmer Comfort - Hotel dell&#039;Opera -<\/title>\n<meta name=\"description\" content=\"Die Zimmer sind mit eleganten Vorh\u00e4ngen, ideal f\u00fcr 3 g\u00e4ste, venezianischen Fu\u00dfb\u00f6den oder Holzparkett ausgestattet und zaubern ein ideales Ambiente f\u00fcr einen komfortablen und romantischen Aufenthalt. LCD-Satelliten-TV, Wireless-Internetverbindung.\" \/>\n<meta name=\"robots\" content=\"index, follow, max-snippet:-1, max-image-preview:large, max-video-preview:-1\" \/>\n<link rel=\"canonical\" href=\"https:\/\/www.hoteldelloperavenice.com\/de\/zimmer\/dreibettzimmer-comfort\/\" \/>\n<meta property=\"og:locale\" content=\"de_DE\" \/>\n<meta property=\"og:type\" content=\"article\" \/>\n<meta property=\"og:title\" content=\"Dreibettzimmer Comfort - Hotel dell&#039;Opera -\" \/>\n<meta property=\"og:description\" content=\"Die Zimmer sind mit eleganten Vorh\u00e4ngen, ideal f\u00fcr 3 g\u00e4ste, venezianischen Fu\u00dfb\u00f6den oder Holzparkett ausgestattet und zaubern ein ideales Ambiente f\u00fcr einen komfortablen und romantischen Aufenthalt. LCD-Satelliten-TV, Wireless-Internetverbindung.\" \/>\n<meta property=\"og:url\" content=\"https:\/\/www.hoteldelloperavenice.com\/de\/zimmer\/dreibettzimmer-comfort\/\" \/>\n<meta property=\"og:site_name\" content=\"Hotel dell&#039;Opera\" \/>\n<meta property=\"article:publisher\" content=\"https:\/\/www.facebook.com\/Hotel-dellOpera-Venice-419269684836967\/\" \/>\n<meta property=\"article:modified_time\" content=\"2024-10-15T12:10:28+00:00\" \/>\n<meta name=\"twitter:card\" content=\"summary_large_image\" \/>\n<script type=\"application\/ld+json\" class=\"yoast-schema-graph\">{\"@context\":\"https:\/\/schema.org\",\"@graph\":[{\"@type\":\"WebPage\",\"@id\":\"https:\/\/www.hoteldelloperavenice.com\/de\/zimmer\/dreibettzimmer-comfort\/\",\"url\":\"https:\/\/www.hoteldelloperavenice.com\/de\/zimmer\/dreibettzimmer-comfort\/\",\"name\":\"Dreibettzimmer Comfort - Hotel dell&#039;Opera -\",\"isPartOf\":{\"@id\":\"https:\/\/www.hoteldelloperavenice.com\/de\/#website\"},\"datePublished\":\"2024-10-09T15:13:19+00:00\",\"dateModified\":\"2024-10-15T12:10:28+00:00\",\"description\":\"Die Zimmer sind mit eleganten Vorh\u00e4ngen, ideal f\u00fcr 3 g\u00e4ste, venezianischen Fu\u00dfb\u00f6den oder Holzparkett ausgestattet und zaubern ein ideales Ambiente f\u00fcr einen komfortablen und romantischen Aufenthalt. LCD-Satelliten-TV, Wireless-Internetverbindung.\",\"breadcrumb\":{\"@id\":\"https:\/\/www.hoteldelloperavenice.com\/de\/zimmer\/dreibettzimmer-comfort\/#breadcrumb\"},\"inLanguage\":\"de-DE\",\"potentialAction\":[{\"@type\":\"ReadAction\",\"target\":[\"https:\/\/www.hoteldelloperavenice.com\/de\/zimmer\/dreibettzimmer-comfort\/\"]}]},{\"@type\":\"BreadcrumbList\",\"@id\":\"https:\/\/www.hoteldelloperavenice.com\/de\/zimmer\/dreibettzimmer-comfort\/#breadcrumb\",\"itemListElement\":[{\"@type\":\"ListItem\",\"position\":1,\"name\":\"Home\",\"item\":\"https:\/\/www.hoteldelloperavenice.com\/de\/\"},{\"@type\":\"ListItem\",\"position\":2,\"name\":\"Zimmer\",\"item\":\"https:\/\/www.hoteldelloperavenice.com\/de\/zimmer\/\"},{\"@type\":\"ListItem\",\"position\":3,\"name\":\"Dreibettzimmer Comfort\"}]},{\"@type\":\"WebSite\",\"@id\":\"https:\/\/www.hoteldelloperavenice.com\/de\/#website\",\"url\":\"https:\/\/www.hoteldelloperavenice.com\/de\/\",\"name\":\"Hotel dell'Opera\",\"description\":\"\",\"publisher\":{\"@id\":\"https:\/\/www.hoteldelloperavenice.com\/de\/#organization\"},\"potentialAction\":[{\"@type\":\"SearchAction\",\"target\":{\"@type\":\"EntryPoint\",\"urlTemplate\":\"https:\/\/www.hoteldelloperavenice.com\/de\/?s={search_term_string}\"},\"query-input\":\"required name=search_term_string\"}],\"inLanguage\":\"de-DE\"},{\"@type\":\"Organization\",\"@id\":\"https:\/\/www.hoteldelloperavenice.com\/de\/#organization\",\"name\":\"Hotel dell'Opera\",\"url\":\"https:\/\/www.hoteldelloperavenice.com\/de\/\",\"logo\":{\"@type\":\"ImageObject\",\"inLanguage\":\"de-DE\",\"@id\":\"https:\/\/www.hoteldelloperavenice.com\/de\/#\/schema\/logo\/image\/\",\"url\":\"https:\/\/www.hoteldelloperavenice.com\/wp-content\/uploads\/sites\/175\/2024\/10\/HdO-logo_colorato.png\",\"contentUrl\":\"https:\/\/www.hoteldelloperavenice.com\/wp-content\/uploads\/sites\/175\/2024\/10\/HdO-logo_colorato.png\",\"width\":500,\"height\":563,\"caption\":\"Hotel dell'Opera\"},\"image\":{\"@id\":\"https:\/\/www.hoteldelloperavenice.com\/de\/#\/schema\/logo\/image\/\"},\"sameAs\":[\"https:\/\/www.facebook.com\/Hotel-dellOpera-Venice-419269684836967\/\",\"https:\/\/www.instagram.com\/hoteldelloperavenice\/?hl=it\"]}]}<\/script>\n<!-- \/ Yoast SEO plugin. -->","yoast_head_json":{"title":"Dreibettzimmer Comfort - Hotel dell&#039;Opera -","description":"Die Zimmer sind mit eleganten Vorh\u00e4ngen, ideal f\u00fcr 3 g\u00e4ste, venezianischen Fu\u00dfb\u00f6den oder Holzparkett ausgestattet und zaubern ein ideales Ambiente f\u00fcr einen komfortablen und romantischen Aufenthalt. LCD-Satelliten-TV, Wireless-Internetverbindung.","robots":{"index":"index","follow":"follow","max-snippet":"max-snippet:-1","max-image-preview":"max-image-preview:large","max-video-preview":"max-video-preview:-1"},"canonical":"https:\/\/www.hoteldelloperavenice.com\/de\/zimmer\/dreibettzimmer-comfort\/","og_locale":"de_DE","og_type":"article","og_title":"Dreibettzimmer Comfort - Hotel dell&#039;Opera -","og_description":"Die Zimmer sind mit eleganten Vorh\u00e4ngen, ideal f\u00fcr 3 g\u00e4ste, venezianischen Fu\u00dfb\u00f6den oder Holzparkett ausgestattet und zaubern ein ideales Ambiente f\u00fcr einen komfortablen und romantischen Aufenthalt. LCD-Satelliten-TV, Wireless-Internetverbindung.","og_url":"https:\/\/www.hoteldelloperavenice.com\/de\/zimmer\/dreibettzimmer-comfort\/","og_site_name":"Hotel dell&#039;Opera","article_publisher":"https:\/\/www.facebook.com\/Hotel-dellOpera-Venice-419269684836967\/","article_modified_time":"2024-10-15T12:10:28+00:00","twitter_card":"summary_large_image","schema":{"@context":"https:\/\/schema.org","@graph":[{"@type":"WebPage","@id":"https:\/\/www.hoteldelloperavenice.com\/de\/zimmer\/dreibettzimmer-comfort\/","url":"https:\/\/www.hoteldelloperavenice.com\/de\/zimmer\/dreibettzimmer-comfort\/","name":"Dreibettzimmer Comfort - Hotel dell&#039;Opera -","isPartOf":{"@id":"https:\/\/www.hoteldelloperavenice.com\/de\/#website"},"datePublished":"2024-10-09T15:13:19+00:00","dateModified":"2024-10-15T12:10:28+00:00","description":"Die Zimmer sind mit eleganten Vorh\u00e4ngen, ideal f\u00fcr 3 g\u00e4ste, venezianischen Fu\u00dfb\u00f6den oder Holzparkett ausgestattet und zaubern ein ideales Ambiente f\u00fcr einen komfortablen und romantischen Aufenthalt. LCD-Satelliten-TV, Wireless-Internetverbindung.","breadcrumb":{"@id":"https:\/\/www.hoteldelloperavenice.com\/de\/zimmer\/dreibettzimmer-comfort\/#breadcrumb"},"inLanguage":"de-DE","potentialAction":[{"@type":"ReadAction","target":["https:\/\/www.hoteldelloperavenice.com\/de\/zimmer\/dreibettzimmer-comfort\/"]}]},{"@type":"BreadcrumbList","@id":"https:\/\/www.hoteldelloperavenice.com\/de\/zimmer\/dreibettzimmer-comfort\/#breadcrumb","itemListElement":[{"@type":"ListItem","position":1,"name":"Home","item":"https:\/\/www.hoteldelloperavenice.com\/de\/"},{"@type":"ListItem","position":2,"name":"Zimmer","item":"https:\/\/www.hoteldelloperavenice.com\/de\/zimmer\/"},{"@type":"ListItem","position":3,"name":"Dreibettzimmer Comfort"}]},{"@type":"WebSite","@id":"https:\/\/www.hoteldelloperavenice.com\/de\/#website","url":"https:\/\/www.hoteldelloperavenice.com\/de\/","name":"Hotel dell'Opera","description":"","publisher":{"@id":"https:\/\/www.hoteldelloperavenice.com\/de\/#organization"},"potentialAction":[{"@type":"SearchAction","target":{"@type":"EntryPoint","urlTemplate":"https:\/\/www.hoteldelloperavenice.com\/de\/?s={search_term_string}"},"query-input":"required name=search_term_string"}],"inLanguage":"de-DE"},{"@type":"Organization","@id":"https:\/\/www.hoteldelloperavenice.com\/de\/#organization","name":"Hotel dell'Opera","url":"https:\/\/www.hoteldelloperavenice.com\/de\/","logo":{"@type":"ImageObject","inLanguage":"de-DE","@id":"https:\/\/www.hoteldelloperavenice.com\/de\/#\/schema\/logo\/image\/","url":"https:\/\/www.hoteldelloperavenice.com\/wp-content\/uploads\/sites\/175\/2024\/10\/HdO-logo_colorato.png","contentUrl":"https:\/\/www.hoteldelloperavenice.com\/wp-content\/uploads\/sites\/175\/2024\/10\/HdO-logo_colorato.png","width":500,"height":563,"caption":"Hotel dell'Opera"},"image":{"@id":"https:\/\/www.hoteldelloperavenice.com\/de\/#\/schema\/logo\/image\/"},"sameAs":["https:\/\/www.facebook.com\/Hotel-dellOpera-Venice-419269684836967\/","https:\/\/www.instagram.com\/hoteldelloperavenice\/?hl=it"]}]}},"acf":[],"_links":{"self":[{"href":"https:\/\/www.hoteldelloperavenice.com\/de\/wp-json\/wp\/v2\/pages\/68"}],"collection":[{"href":"https:\/\/www.hoteldelloperavenice.com\/de\/wp-json\/wp\/v2\/pages"}],"about":[{"href":"https:\/\/www.hoteldelloperavenice.com\/de\/wp-json\/wp\/v2\/types\/page"}],"author":[{"embeddable":true,"href":"https:\/\/www.hoteldelloperavenice.com\/de\/wp-json\/wp\/v2\/users\/13"}],"replies":[{"embeddable":true,"href":"https:\/\/www.hoteldelloperavenice.com\/de\/wp-json\/wp\/v2\/comments?post=68"}],"version-history":[{"count":0,"href":"https:\/\/www.hoteldelloperavenice.com\/de\/wp-json\/wp\/v2\/pages\/68\/revisions"}],"up":[{"embeddable":true,"href":"https:\/\/www.hoteldelloperavenice.com\/de\/wp-json\/wp\/v2\/pages\/35"}],"wp:attachment":[{"href":"https:\/\/www.hoteldelloperavenice.com\/de\/wp-json\/wp\/v2\/media?parent=68"}],"curies":[{"name":"wp","href":"https:\/\/api.w.org\/{rel}","templated":true}]}}