{"id":86,"date":"2024-10-09T15:49:19","date_gmt":"2024-10-09T15:49:19","guid":{"rendered":"https:\/\/hotel-dell-opera.ms2.decms.eu\/?page_id=86"},"modified":"2024-10-15T12:19:05","modified_gmt":"2024-10-15T12:19:05","slug":"verbindungszimmer","status":"publish","type":"page","link":"https:\/\/www.hoteldelloperavenice.com\/de\/zimmer\/verbindungszimmer\/","title":{"rendered":"Verbindungszimmer"},"content":{"rendered":"<p>Verbindungszimmer ist besonders f\u00fcr zahlreiche Familien (4 bis 6 Personen) geeignet, denn es verf\u00fcgt \u00fcber zwei separate Schlafbereiche, jeweils mit eigener T\u00fcr und unabh\u00e4ngigem Bad. Die beiden Schlafbereiche bestehen aus dem Classic-Zimmer mit Doppelbett und dem Comfort-Zimmer mit vier Schlafgelegenheiten mit Verbindungst\u00fcr.<\/p>\n<p>Dank dieser Eigenschaften und den ger\u00e4umigen Bereichen ist Verbindungszimmer die ideale L\u00f6sung, um die Privatsph\u00e4re der Eltern zu wahren und gleichzeitig die Kinder st\u00e4ndig unter Kontrolle zu halten.<\/p>\n<p>&nbsp;<\/p>\n<p><a href=\"mailto:info@hoteldelloperavenice.com\"><strong>Fragen Sie die Verf\u00fcgbarkeit<\/strong><\/a><\/p>\n","protected":false},"excerpt":{"rendered":"<p>Verbindungszimmer ist besonders f\u00fcr zahlreiche Familien (4 bis 6 Personen) geeignet, denn es verf\u00fcgt \u00fcber zwei separate Schlafbereiche, jeweils mit eigener T\u00fcr und unabh\u00e4ngigem Bad. Die beiden Schlafbereiche bestehen aus dem Classic-Zimmer mit Doppelbett und dem Comfort-Zimmer mit vier Schlafgelegenheiten mit Verbindungst\u00fcr. Dank dieser Eigenschaften und den ger\u00e4umigen Bereichen ist Verbindungszimmer die ideale L\u00f6sung, um [&hellip;]<\/p>\n","protected":false},"author":13,"featured_media":0,"parent":35,"menu_order":30,"comment_status":"closed","ping_status":"closed","template":"template-single-room.php","meta":{"footnotes":""},"class_list":["post-86","page","type-page","status-publish","hentry"],"yoast_head":"<!-- This site is optimized with the Yoast SEO plugin v27.3 - https:\/\/yoast.com\/product\/yoast-seo-wordpress\/ -->\n<title>Verbindungszimmer - Hotel dell&#039;Opera -<\/title>\n<meta name=\"description\" content=\"Verbindungszimmer ist besonders f\u00fcr zahlreiche Familien (4 bis 6 Personen) geeignet, denn es verf\u00fcgt \u00fcber zwei separate Schlafbereiche, jeweils mit eigener T\u00fcr und unabh\u00e4ngigem Bad. Die beiden Schlafbereiche bestehen aus dem Classic-Zimmer mit Doppelbett und dem Comfort-Zimmer mit vier Schlafgelegenheiten mit Verbindungst\u00fcr.  Dank dieser Eigenschaften und den ger\u00e4umigen Bereichen ist Verbindungszimmer die ideale L\u00f6sung, um die Privatsph\u00e4re der Eltern zu wahren und gleichzeitig die Kinder st\u00e4ndig unter Kontrolle zu halten.  &nbsp;  Fragen Sie die Verf\u00fcgbarkeit\" \/>\n<meta name=\"robots\" content=\"index, follow, max-snippet:-1, max-image-preview:large, max-video-preview:-1\" \/>\n<link rel=\"canonical\" href=\"https:\/\/www.hoteldelloperavenice.com\/de\/zimmer\/verbindungszimmer\/\" \/>\n<meta property=\"og:locale\" content=\"de_DE\" \/>\n<meta property=\"og:type\" content=\"article\" \/>\n<meta property=\"og:title\" content=\"Verbindungszimmer - Hotel dell&#039;Opera -\" \/>\n<meta property=\"og:description\" content=\"Verbindungszimmer ist besonders f\u00fcr zahlreiche Familien (4 bis 6 Personen) geeignet, denn es verf\u00fcgt \u00fcber zwei separate Schlafbereiche, jeweils mit eigener T\u00fcr und unabh\u00e4ngigem Bad. Die beiden Schlafbereiche bestehen aus dem Classic-Zimmer mit Doppelbett und dem Comfort-Zimmer mit vier Schlafgelegenheiten mit Verbindungst\u00fcr.  Dank dieser Eigenschaften und den ger\u00e4umigen Bereichen ist Verbindungszimmer die ideale L\u00f6sung, um die Privatsph\u00e4re der Eltern zu wahren und gleichzeitig die Kinder st\u00e4ndig unter Kontrolle zu halten.  &nbsp;  Fragen Sie die Verf\u00fcgbarkeit\" \/>\n<meta property=\"og:url\" content=\"https:\/\/www.hoteldelloperavenice.com\/de\/zimmer\/verbindungszimmer\/\" \/>\n<meta property=\"og:site_name\" content=\"Hotel dell&#039;Opera\" \/>\n<meta property=\"article:publisher\" content=\"https:\/\/www.facebook.com\/Hotel-dellOpera-Venice-419269684836967\/\" \/>\n<meta property=\"article:modified_time\" content=\"2024-10-15T12:19:05+00:00\" \/>\n<meta name=\"twitter:card\" content=\"summary_large_image\" \/>\n<meta name=\"twitter:label1\" content=\"Gesch\u00e4tzte Lesezeit\" \/>\n\t<meta name=\"twitter:data1\" content=\"1 Minute\" \/>\n<script type=\"application\/ld+json\" class=\"yoast-schema-graph\">{\"@context\":\"https:\\\/\\\/schema.org\",\"@graph\":[{\"@type\":\"WebPage\",\"@id\":\"https:\\\/\\\/www.hoteldelloperavenice.com\\\/de\\\/zimmer\\\/verbindungszimmer\\\/\",\"url\":\"https:\\\/\\\/www.hoteldelloperavenice.com\\\/de\\\/zimmer\\\/verbindungszimmer\\\/\",\"name\":\"Verbindungszimmer - Hotel dell&#039;Opera -\",\"isPartOf\":{\"@id\":\"https:\\\/\\\/www.hoteldelloperavenice.com\\\/de\\\/#website\"},\"datePublished\":\"2024-10-09T15:49:19+00:00\",\"dateModified\":\"2024-10-15T12:19:05+00:00\",\"description\":\"Verbindungszimmer ist besonders f\u00fcr zahlreiche Familien (4 bis 6 Personen) geeignet, denn es verf\u00fcgt \u00fcber zwei separate Schlafbereiche, jeweils mit eigener T\u00fcr und unabh\u00e4ngigem Bad. Die beiden Schlafbereiche bestehen aus dem Classic-Zimmer mit Doppelbett und dem Comfort-Zimmer mit vier Schlafgelegenheiten mit Verbindungst\u00fcr. Dank dieser Eigenschaften und den ger\u00e4umigen Bereichen ist Verbindungszimmer die ideale L\u00f6sung, um die Privatsph\u00e4re der Eltern zu wahren und gleichzeitig die Kinder st\u00e4ndig unter Kontrolle zu halten. &nbsp; Fragen Sie die Verf\u00fcgbarkeit\",\"breadcrumb\":{\"@id\":\"https:\\\/\\\/www.hoteldelloperavenice.com\\\/de\\\/zimmer\\\/verbindungszimmer\\\/#breadcrumb\"},\"inLanguage\":\"de-DE\",\"potentialAction\":[{\"@type\":\"ReadAction\",\"target\":[\"https:\\\/\\\/www.hoteldelloperavenice.com\\\/de\\\/zimmer\\\/verbindungszimmer\\\/\"]}]},{\"@type\":\"BreadcrumbList\",\"@id\":\"https:\\\/\\\/www.hoteldelloperavenice.com\\\/de\\\/zimmer\\\/verbindungszimmer\\\/#breadcrumb\",\"itemListElement\":[{\"@type\":\"ListItem\",\"position\":1,\"name\":\"Home\",\"item\":\"https:\\\/\\\/www.hoteldelloperavenice.com\\\/de\\\/\"},{\"@type\":\"ListItem\",\"position\":2,\"name\":\"Zimmer\",\"item\":\"https:\\\/\\\/www.hoteldelloperavenice.com\\\/de\\\/zimmer\\\/\"},{\"@type\":\"ListItem\",\"position\":3,\"name\":\"Verbindungszimmer\"}]},{\"@type\":\"WebSite\",\"@id\":\"https:\\\/\\\/www.hoteldelloperavenice.com\\\/de\\\/#website\",\"url\":\"https:\\\/\\\/www.hoteldelloperavenice.com\\\/de\\\/\",\"name\":\"Hotel dell'Opera\",\"description\":\"\",\"publisher\":{\"@id\":\"https:\\\/\\\/www.hoteldelloperavenice.com\\\/de\\\/#organization\"},\"potentialAction\":[{\"@type\":\"SearchAction\",\"target\":{\"@type\":\"EntryPoint\",\"urlTemplate\":\"https:\\\/\\\/www.hoteldelloperavenice.com\\\/de\\\/?s={search_term_string}\"},\"query-input\":{\"@type\":\"PropertyValueSpecification\",\"valueRequired\":true,\"valueName\":\"search_term_string\"}}],\"inLanguage\":\"de-DE\"},{\"@type\":\"Organization\",\"@id\":\"https:\\\/\\\/www.hoteldelloperavenice.com\\\/de\\\/#organization\",\"name\":\"Hotel dell'Opera\",\"url\":\"https:\\\/\\\/www.hoteldelloperavenice.com\\\/de\\\/\",\"logo\":{\"@type\":\"ImageObject\",\"inLanguage\":\"de-DE\",\"@id\":\"https:\\\/\\\/www.hoteldelloperavenice.com\\\/de\\\/#\\\/schema\\\/logo\\\/image\\\/\",\"url\":\"https:\\\/\\\/www.hoteldelloperavenice.com\\\/wp-content\\\/uploads\\\/sites\\\/175\\\/2024\\\/10\\\/HdO-logo_colorato.png\",\"contentUrl\":\"https:\\\/\\\/www.hoteldelloperavenice.com\\\/wp-content\\\/uploads\\\/sites\\\/175\\\/2024\\\/10\\\/HdO-logo_colorato.png\",\"width\":500,\"height\":563,\"caption\":\"Hotel dell'Opera\"},\"image\":{\"@id\":\"https:\\\/\\\/www.hoteldelloperavenice.com\\\/de\\\/#\\\/schema\\\/logo\\\/image\\\/\"},\"sameAs\":[\"https:\\\/\\\/www.facebook.com\\\/Hotel-dellOpera-Venice-419269684836967\\\/\",\"https:\\\/\\\/www.instagram.com\\\/hoteldelloperavenice\\\/?hl=it\"]}]}<\/script>\n<!-- \/ Yoast SEO plugin. -->","yoast_head_json":{"title":"Verbindungszimmer - Hotel dell&#039;Opera -","description":"Verbindungszimmer ist besonders f\u00fcr zahlreiche Familien (4 bis 6 Personen) geeignet, denn es verf\u00fcgt \u00fcber zwei separate Schlafbereiche, jeweils mit eigener T\u00fcr und unabh\u00e4ngigem Bad. Die beiden Schlafbereiche bestehen aus dem Classic-Zimmer mit Doppelbett und dem Comfort-Zimmer mit vier Schlafgelegenheiten mit Verbindungst\u00fcr.  Dank dieser Eigenschaften und den ger\u00e4umigen Bereichen ist Verbindungszimmer die ideale L\u00f6sung, um die Privatsph\u00e4re der Eltern zu wahren und gleichzeitig die Kinder st\u00e4ndig unter Kontrolle zu halten.  &nbsp;  Fragen Sie die Verf\u00fcgbarkeit","robots":{"index":"index","follow":"follow","max-snippet":"max-snippet:-1","max-image-preview":"max-image-preview:large","max-video-preview":"max-video-preview:-1"},"canonical":"https:\/\/www.hoteldelloperavenice.com\/de\/zimmer\/verbindungszimmer\/","og_locale":"de_DE","og_type":"article","og_title":"Verbindungszimmer - Hotel dell&#039;Opera -","og_description":"Verbindungszimmer ist besonders f\u00fcr zahlreiche Familien (4 bis 6 Personen) geeignet, denn es verf\u00fcgt \u00fcber zwei separate Schlafbereiche, jeweils mit eigener T\u00fcr und unabh\u00e4ngigem Bad. Die beiden Schlafbereiche bestehen aus dem Classic-Zimmer mit Doppelbett und dem Comfort-Zimmer mit vier Schlafgelegenheiten mit Verbindungst\u00fcr.  Dank dieser Eigenschaften und den ger\u00e4umigen Bereichen ist Verbindungszimmer die ideale L\u00f6sung, um die Privatsph\u00e4re der Eltern zu wahren und gleichzeitig die Kinder st\u00e4ndig unter Kontrolle zu halten.  &nbsp;  Fragen Sie die Verf\u00fcgbarkeit","og_url":"https:\/\/www.hoteldelloperavenice.com\/de\/zimmer\/verbindungszimmer\/","og_site_name":"Hotel dell&#039;Opera","article_publisher":"https:\/\/www.facebook.com\/Hotel-dellOpera-Venice-419269684836967\/","article_modified_time":"2024-10-15T12:19:05+00:00","twitter_card":"summary_large_image","twitter_misc":{"Gesch\u00e4tzte Lesezeit":"1 Minute"},"schema":{"@context":"https:\/\/schema.org","@graph":[{"@type":"WebPage","@id":"https:\/\/www.hoteldelloperavenice.com\/de\/zimmer\/verbindungszimmer\/","url":"https:\/\/www.hoteldelloperavenice.com\/de\/zimmer\/verbindungszimmer\/","name":"Verbindungszimmer - Hotel dell&#039;Opera -","isPartOf":{"@id":"https:\/\/www.hoteldelloperavenice.com\/de\/#website"},"datePublished":"2024-10-09T15:49:19+00:00","dateModified":"2024-10-15T12:19:05+00:00","description":"Verbindungszimmer ist besonders f\u00fcr zahlreiche Familien (4 bis 6 Personen) geeignet, denn es verf\u00fcgt \u00fcber zwei separate Schlafbereiche, jeweils mit eigener T\u00fcr und unabh\u00e4ngigem Bad. Die beiden Schlafbereiche bestehen aus dem Classic-Zimmer mit Doppelbett und dem Comfort-Zimmer mit vier Schlafgelegenheiten mit Verbindungst\u00fcr. Dank dieser Eigenschaften und den ger\u00e4umigen Bereichen ist Verbindungszimmer die ideale L\u00f6sung, um die Privatsph\u00e4re der Eltern zu wahren und gleichzeitig die Kinder st\u00e4ndig unter Kontrolle zu halten. &nbsp; Fragen Sie die Verf\u00fcgbarkeit","breadcrumb":{"@id":"https:\/\/www.hoteldelloperavenice.com\/de\/zimmer\/verbindungszimmer\/#breadcrumb"},"inLanguage":"de-DE","potentialAction":[{"@type":"ReadAction","target":["https:\/\/www.hoteldelloperavenice.com\/de\/zimmer\/verbindungszimmer\/"]}]},{"@type":"BreadcrumbList","@id":"https:\/\/www.hoteldelloperavenice.com\/de\/zimmer\/verbindungszimmer\/#breadcrumb","itemListElement":[{"@type":"ListItem","position":1,"name":"Home","item":"https:\/\/www.hoteldelloperavenice.com\/de\/"},{"@type":"ListItem","position":2,"name":"Zimmer","item":"https:\/\/www.hoteldelloperavenice.com\/de\/zimmer\/"},{"@type":"ListItem","position":3,"name":"Verbindungszimmer"}]},{"@type":"WebSite","@id":"https:\/\/www.hoteldelloperavenice.com\/de\/#website","url":"https:\/\/www.hoteldelloperavenice.com\/de\/","name":"Hotel dell'Opera","description":"","publisher":{"@id":"https:\/\/www.hoteldelloperavenice.com\/de\/#organization"},"potentialAction":[{"@type":"SearchAction","target":{"@type":"EntryPoint","urlTemplate":"https:\/\/www.hoteldelloperavenice.com\/de\/?s={search_term_string}"},"query-input":{"@type":"PropertyValueSpecification","valueRequired":true,"valueName":"search_term_string"}}],"inLanguage":"de-DE"},{"@type":"Organization","@id":"https:\/\/www.hoteldelloperavenice.com\/de\/#organization","name":"Hotel dell'Opera","url":"https:\/\/www.hoteldelloperavenice.com\/de\/","logo":{"@type":"ImageObject","inLanguage":"de-DE","@id":"https:\/\/www.hoteldelloperavenice.com\/de\/#\/schema\/logo\/image\/","url":"https:\/\/www.hoteldelloperavenice.com\/wp-content\/uploads\/sites\/175\/2024\/10\/HdO-logo_colorato.png","contentUrl":"https:\/\/www.hoteldelloperavenice.com\/wp-content\/uploads\/sites\/175\/2024\/10\/HdO-logo_colorato.png","width":500,"height":563,"caption":"Hotel dell'Opera"},"image":{"@id":"https:\/\/www.hoteldelloperavenice.com\/de\/#\/schema\/logo\/image\/"},"sameAs":["https:\/\/www.facebook.com\/Hotel-dellOpera-Venice-419269684836967\/","https:\/\/www.instagram.com\/hoteldelloperavenice\/?hl=it"]}]}},"acf":[],"_links":{"self":[{"href":"https:\/\/www.hoteldelloperavenice.com\/de\/wp-json\/wp\/v2\/pages\/86","targetHints":{"allow":["GET"]}}],"collection":[{"href":"https:\/\/www.hoteldelloperavenice.com\/de\/wp-json\/wp\/v2\/pages"}],"about":[{"href":"https:\/\/www.hoteldelloperavenice.com\/de\/wp-json\/wp\/v2\/types\/page"}],"author":[{"embeddable":true,"href":"https:\/\/www.hoteldelloperavenice.com\/de\/wp-json\/wp\/v2\/users\/13"}],"replies":[{"embeddable":true,"href":"https:\/\/www.hoteldelloperavenice.com\/de\/wp-json\/wp\/v2\/comments?post=86"}],"version-history":[{"count":0,"href":"https:\/\/www.hoteldelloperavenice.com\/de\/wp-json\/wp\/v2\/pages\/86\/revisions"}],"up":[{"embeddable":true,"href":"https:\/\/www.hoteldelloperavenice.com\/de\/wp-json\/wp\/v2\/pages\/35"}],"wp:attachment":[{"href":"https:\/\/www.hoteldelloperavenice.com\/de\/wp-json\/wp\/v2\/media?parent=86"}],"curies":[{"name":"wp","href":"https:\/\/api.w.org\/{rel}","templated":true}]}}