{"id":100,"date":"2024-10-10T12:32:37","date_gmt":"2024-10-10T12:32:37","guid":{"rendered":"https:\/\/hotel-dell-opera.ms2.decms.eu\/?page_id=100"},"modified":"2024-10-14T07:31:48","modified_gmt":"2024-10-14T07:31:48","slug":"emplacement","status":"publish","type":"page","link":"https:\/\/www.hoteldelloperavenice.com\/fr\/emplacement\/","title":{"rendered":"Emplacement"},"content":{"rendered":"<p>\u00c0 l&rsquo;ombre du th\u00e9\u00e2tre historique de l&rsquo;Op\u00e9ra de Venise, \u00ab\u00a0La Fenice\u00a0\u00bb, \u00e0 moins de deux minutes \u00e0 pied de la Place-Saint Marc et \u00e0 dix minute du pont du Rialto, l&rsquo;<strong>Hotel dell\u2019Opera<\/strong> jouit, parmi les <strong>h\u00f4tels de Venise<\/strong>, d&rsquo;une situation privil\u00e9gi\u00e9e, id\u00e9ale pour d\u00e9couvrir la Venise classique et la Venise insolite hors des itin\u00e9raires touristiques habituels.<\/p>\n<p>L\u2019<strong>Hotel dell\u2019Opera<\/strong> est situ\u00e9 \u00e0 deux pas de la Calle Larga XXII Marzo, la rue des boutiques les plus \u00e9l\u00e9gantes de Venise, reliant la <strong>Biennale de Venise<\/strong> et la <strong>Place Saint-Marc<\/strong> aux Galeries de l&rsquo;Acad\u00e9mie et au Mus\u00e9e Guggenheim.<\/p>\n","protected":false},"excerpt":{"rendered":"<p>\u00c0 l&rsquo;ombre du th\u00e9\u00e2tre historique de l&rsquo;Op\u00e9ra de Venise, \u00ab\u00a0La Fenice\u00a0\u00bb, \u00e0 moins de deux minutes \u00e0 pied de la Place-Saint Marc et \u00e0 dix minute du pont du Rialto, l&rsquo;Hotel dell\u2019Opera jouit, parmi les h\u00f4tels de Venise, d&rsquo;une situation privil\u00e9gi\u00e9e, id\u00e9ale pour d\u00e9couvrir la Venise classique et la Venise insolite hors des itin\u00e9raires touristiques [&hellip;]<\/p>\n","protected":false},"author":13,"featured_media":0,"parent":0,"menu_order":30,"comment_status":"closed","ping_status":"closed","template":"template-location.php","meta":{"footnotes":""},"yoast_head":"<!-- This site is optimized with the Yoast SEO plugin v22.3 - https:\/\/yoast.com\/wordpress\/plugins\/seo\/ -->\n<title>Emplacement - Hotel dell&#039;Opera -<\/title>\n<meta name=\"description\" content=\"\u00c0 l&#039;ombre du th\u00e9\u00e2tre historique de l&#039;Op\u00e9ra de Venise, \u00ab\u00a0La Fenice\u00a0\u00bb, \u00e0 moins de deux minutes \u00e0 pied de la Place-Saint Marc et \u00e0 dix minute du pont du Rialto, l&#039;Hotel dell\u2019Opera jouit, parmi les h\u00f4tels de Venise, d&#039;une situation privil\u00e9gi\u00e9e, id\u00e9ale pour d\u00e9couvrir la Venise classique et la Venise insolite hors des itin\u00e9raires touristiques habituels.  L\u2019Hotel dell\u2019Opera est situ\u00e9 \u00e0 deux pas de la Calle Larga XXII Marzo, la rue des boutiques les plus \u00e9l\u00e9gantes de Venise, reliant la Biennale de Venise et la Place Saint-Marc aux Galeries de l&#039;Acad\u00e9mie et au Mus\u00e9e Guggenheim..\" \/>\n<meta name=\"robots\" content=\"index, follow, max-snippet:-1, max-image-preview:large, max-video-preview:-1\" \/>\n<link rel=\"canonical\" href=\"https:\/\/www.hoteldelloperavenice.com\/fr\/emplacement\/\" \/>\n<meta property=\"og:locale\" content=\"fr_FR\" \/>\n<meta property=\"og:type\" content=\"article\" \/>\n<meta property=\"og:title\" content=\"Emplacement - Hotel dell&#039;Opera -\" \/>\n<meta property=\"og:description\" content=\"\u00c0 l&#039;ombre du th\u00e9\u00e2tre historique de l&#039;Op\u00e9ra de Venise, \u00ab\u00a0La Fenice\u00a0\u00bb, \u00e0 moins de deux minutes \u00e0 pied de la Place-Saint Marc et \u00e0 dix minute du pont du Rialto, l&#039;Hotel dell\u2019Opera jouit, parmi les h\u00f4tels de Venise, d&#039;une situation privil\u00e9gi\u00e9e, id\u00e9ale pour d\u00e9couvrir la Venise classique et la Venise insolite hors des itin\u00e9raires touristiques habituels.  L\u2019Hotel dell\u2019Opera est situ\u00e9 \u00e0 deux pas de la Calle Larga XXII Marzo, la rue des boutiques les plus \u00e9l\u00e9gantes de Venise, reliant la Biennale de Venise et la Place Saint-Marc aux Galeries de l&#039;Acad\u00e9mie et au Mus\u00e9e Guggenheim..\" \/>\n<meta property=\"og:url\" content=\"https:\/\/www.hoteldelloperavenice.com\/fr\/emplacement\/\" \/>\n<meta property=\"og:site_name\" content=\"Hotel dell&#039;Opera\" \/>\n<meta property=\"article:publisher\" content=\"https:\/\/www.facebook.com\/Hotel-dellOpera-Venice-419269684836967\/\" \/>\n<meta property=\"article:modified_time\" content=\"2024-10-14T07:31:48+00:00\" \/>\n<meta name=\"twitter:card\" content=\"summary_large_image\" \/>\n<meta name=\"twitter:label1\" content=\"Dur\u00e9e de lecture estim\u00e9e\" \/>\n\t<meta name=\"twitter:data1\" content=\"1 minute\" \/>\n<script type=\"application\/ld+json\" class=\"yoast-schema-graph\">{\"@context\":\"https:\/\/schema.org\",\"@graph\":[{\"@type\":\"WebPage\",\"@id\":\"https:\/\/www.hoteldelloperavenice.com\/fr\/emplacement\/\",\"url\":\"https:\/\/www.hoteldelloperavenice.com\/fr\/emplacement\/\",\"name\":\"Emplacement - Hotel dell&#039;Opera -\",\"isPartOf\":{\"@id\":\"https:\/\/www.hoteldelloperavenice.com\/fr\/#website\"},\"datePublished\":\"2024-10-10T12:32:37+00:00\",\"dateModified\":\"2024-10-14T07:31:48+00:00\",\"description\":\"\u00c0 l'ombre du th\u00e9\u00e2tre historique de l'Op\u00e9ra de Venise, \u00ab\u00a0La Fenice\u00a0\u00bb, \u00e0 moins de deux minutes \u00e0 pied de la Place-Saint Marc et \u00e0 dix minute du pont du Rialto, l'Hotel dell\u2019Opera jouit, parmi les h\u00f4tels de Venise, d'une situation privil\u00e9gi\u00e9e, id\u00e9ale pour d\u00e9couvrir la Venise classique et la Venise insolite hors des itin\u00e9raires touristiques habituels. L\u2019Hotel dell\u2019Opera est situ\u00e9 \u00e0 deux pas de la Calle Larga XXII Marzo, la rue des boutiques les plus \u00e9l\u00e9gantes de Venise, reliant la Biennale de Venise et la Place Saint-Marc aux Galeries de l'Acad\u00e9mie et au Mus\u00e9e Guggenheim..\",\"breadcrumb\":{\"@id\":\"https:\/\/www.hoteldelloperavenice.com\/fr\/emplacement\/#breadcrumb\"},\"inLanguage\":\"fr-FR\",\"potentialAction\":[{\"@type\":\"ReadAction\",\"target\":[\"https:\/\/www.hoteldelloperavenice.com\/fr\/emplacement\/\"]}]},{\"@type\":\"BreadcrumbList\",\"@id\":\"https:\/\/www.hoteldelloperavenice.com\/fr\/emplacement\/#breadcrumb\",\"itemListElement\":[{\"@type\":\"ListItem\",\"position\":1,\"name\":\"Home\",\"item\":\"https:\/\/www.hoteldelloperavenice.com\/fr\/\"},{\"@type\":\"ListItem\",\"position\":2,\"name\":\"Emplacement\"}]},{\"@type\":\"WebSite\",\"@id\":\"https:\/\/www.hoteldelloperavenice.com\/fr\/#website\",\"url\":\"https:\/\/www.hoteldelloperavenice.com\/fr\/\",\"name\":\"Hotel dell'Opera\",\"description\":\"\",\"publisher\":{\"@id\":\"https:\/\/www.hoteldelloperavenice.com\/fr\/#organization\"},\"potentialAction\":[{\"@type\":\"SearchAction\",\"target\":{\"@type\":\"EntryPoint\",\"urlTemplate\":\"https:\/\/www.hoteldelloperavenice.com\/fr\/?s={search_term_string}\"},\"query-input\":\"required name=search_term_string\"}],\"inLanguage\":\"fr-FR\"},{\"@type\":\"Organization\",\"@id\":\"https:\/\/www.hoteldelloperavenice.com\/fr\/#organization\",\"name\":\"Hotel dell'Opera\",\"url\":\"https:\/\/www.hoteldelloperavenice.com\/fr\/\",\"logo\":{\"@type\":\"ImageObject\",\"inLanguage\":\"fr-FR\",\"@id\":\"https:\/\/www.hoteldelloperavenice.com\/fr\/#\/schema\/logo\/image\/\",\"url\":\"https:\/\/www.hoteldelloperavenice.com\/wp-content\/uploads\/sites\/175\/2024\/10\/HdO-logo_colorato.png\",\"contentUrl\":\"https:\/\/www.hoteldelloperavenice.com\/wp-content\/uploads\/sites\/175\/2024\/10\/HdO-logo_colorato.png\",\"width\":500,\"height\":563,\"caption\":\"Hotel dell'Opera\"},\"image\":{\"@id\":\"https:\/\/www.hoteldelloperavenice.com\/fr\/#\/schema\/logo\/image\/\"},\"sameAs\":[\"https:\/\/www.facebook.com\/Hotel-dellOpera-Venice-419269684836967\/\",\"https:\/\/www.instagram.com\/hoteldelloperavenice\/?hl=it\"]}]}<\/script>\n<!-- \/ Yoast SEO plugin. -->","yoast_head_json":{"title":"Emplacement - Hotel dell&#039;Opera -","description":"\u00c0 l'ombre du th\u00e9\u00e2tre historique de l'Op\u00e9ra de Venise, \u00ab\u00a0La Fenice\u00a0\u00bb, \u00e0 moins de deux minutes \u00e0 pied de la Place-Saint Marc et \u00e0 dix minute du pont du Rialto, l'Hotel dell\u2019Opera jouit, parmi les h\u00f4tels de Venise, d'une situation privil\u00e9gi\u00e9e, id\u00e9ale pour d\u00e9couvrir la Venise classique et la Venise insolite hors des itin\u00e9raires touristiques habituels.  L\u2019Hotel dell\u2019Opera est situ\u00e9 \u00e0 deux pas de la Calle Larga XXII Marzo, la rue des boutiques les plus \u00e9l\u00e9gantes de Venise, reliant la Biennale de Venise et la Place Saint-Marc aux Galeries de l'Acad\u00e9mie et au Mus\u00e9e Guggenheim..","robots":{"index":"index","follow":"follow","max-snippet":"max-snippet:-1","max-image-preview":"max-image-preview:large","max-video-preview":"max-video-preview:-1"},"canonical":"https:\/\/www.hoteldelloperavenice.com\/fr\/emplacement\/","og_locale":"fr_FR","og_type":"article","og_title":"Emplacement - Hotel dell&#039;Opera -","og_description":"\u00c0 l'ombre du th\u00e9\u00e2tre historique de l'Op\u00e9ra de Venise, \u00ab\u00a0La Fenice\u00a0\u00bb, \u00e0 moins de deux minutes \u00e0 pied de la Place-Saint Marc et \u00e0 dix minute du pont du Rialto, l'Hotel dell\u2019Opera jouit, parmi les h\u00f4tels de Venise, d'une situation privil\u00e9gi\u00e9e, id\u00e9ale pour d\u00e9couvrir la Venise classique et la Venise insolite hors des itin\u00e9raires touristiques habituels.  L\u2019Hotel dell\u2019Opera est situ\u00e9 \u00e0 deux pas de la Calle Larga XXII Marzo, la rue des boutiques les plus \u00e9l\u00e9gantes de Venise, reliant la Biennale de Venise et la Place Saint-Marc aux Galeries de l'Acad\u00e9mie et au Mus\u00e9e Guggenheim..","og_url":"https:\/\/www.hoteldelloperavenice.com\/fr\/emplacement\/","og_site_name":"Hotel dell&#039;Opera","article_publisher":"https:\/\/www.facebook.com\/Hotel-dellOpera-Venice-419269684836967\/","article_modified_time":"2024-10-14T07:31:48+00:00","twitter_card":"summary_large_image","twitter_misc":{"Dur\u00e9e de lecture estim\u00e9e":"1 minute"},"schema":{"@context":"https:\/\/schema.org","@graph":[{"@type":"WebPage","@id":"https:\/\/www.hoteldelloperavenice.com\/fr\/emplacement\/","url":"https:\/\/www.hoteldelloperavenice.com\/fr\/emplacement\/","name":"Emplacement - Hotel dell&#039;Opera -","isPartOf":{"@id":"https:\/\/www.hoteldelloperavenice.com\/fr\/#website"},"datePublished":"2024-10-10T12:32:37+00:00","dateModified":"2024-10-14T07:31:48+00:00","description":"\u00c0 l'ombre du th\u00e9\u00e2tre historique de l'Op\u00e9ra de Venise, \u00ab\u00a0La Fenice\u00a0\u00bb, \u00e0 moins de deux minutes \u00e0 pied de la Place-Saint Marc et \u00e0 dix minute du pont du Rialto, l'Hotel dell\u2019Opera jouit, parmi les h\u00f4tels de Venise, d'une situation privil\u00e9gi\u00e9e, id\u00e9ale pour d\u00e9couvrir la Venise classique et la Venise insolite hors des itin\u00e9raires touristiques habituels. L\u2019Hotel dell\u2019Opera est situ\u00e9 \u00e0 deux pas de la Calle Larga XXII Marzo, la rue des boutiques les plus \u00e9l\u00e9gantes de Venise, reliant la Biennale de Venise et la Place Saint-Marc aux Galeries de l'Acad\u00e9mie et au Mus\u00e9e Guggenheim..","breadcrumb":{"@id":"https:\/\/www.hoteldelloperavenice.com\/fr\/emplacement\/#breadcrumb"},"inLanguage":"fr-FR","potentialAction":[{"@type":"ReadAction","target":["https:\/\/www.hoteldelloperavenice.com\/fr\/emplacement\/"]}]},{"@type":"BreadcrumbList","@id":"https:\/\/www.hoteldelloperavenice.com\/fr\/emplacement\/#breadcrumb","itemListElement":[{"@type":"ListItem","position":1,"name":"Home","item":"https:\/\/www.hoteldelloperavenice.com\/fr\/"},{"@type":"ListItem","position":2,"name":"Emplacement"}]},{"@type":"WebSite","@id":"https:\/\/www.hoteldelloperavenice.com\/fr\/#website","url":"https:\/\/www.hoteldelloperavenice.com\/fr\/","name":"Hotel dell'Opera","description":"","publisher":{"@id":"https:\/\/www.hoteldelloperavenice.com\/fr\/#organization"},"potentialAction":[{"@type":"SearchAction","target":{"@type":"EntryPoint","urlTemplate":"https:\/\/www.hoteldelloperavenice.com\/fr\/?s={search_term_string}"},"query-input":"required name=search_term_string"}],"inLanguage":"fr-FR"},{"@type":"Organization","@id":"https:\/\/www.hoteldelloperavenice.com\/fr\/#organization","name":"Hotel dell'Opera","url":"https:\/\/www.hoteldelloperavenice.com\/fr\/","logo":{"@type":"ImageObject","inLanguage":"fr-FR","@id":"https:\/\/www.hoteldelloperavenice.com\/fr\/#\/schema\/logo\/image\/","url":"https:\/\/www.hoteldelloperavenice.com\/wp-content\/uploads\/sites\/175\/2024\/10\/HdO-logo_colorato.png","contentUrl":"https:\/\/www.hoteldelloperavenice.com\/wp-content\/uploads\/sites\/175\/2024\/10\/HdO-logo_colorato.png","width":500,"height":563,"caption":"Hotel dell'Opera"},"image":{"@id":"https:\/\/www.hoteldelloperavenice.com\/fr\/#\/schema\/logo\/image\/"},"sameAs":["https:\/\/www.facebook.com\/Hotel-dellOpera-Venice-419269684836967\/","https:\/\/www.instagram.com\/hoteldelloperavenice\/?hl=it"]}]}},"acf":[],"_links":{"self":[{"href":"https:\/\/www.hoteldelloperavenice.com\/fr\/wp-json\/wp\/v2\/pages\/100"}],"collection":[{"href":"https:\/\/www.hoteldelloperavenice.com\/fr\/wp-json\/wp\/v2\/pages"}],"about":[{"href":"https:\/\/www.hoteldelloperavenice.com\/fr\/wp-json\/wp\/v2\/types\/page"}],"author":[{"embeddable":true,"href":"https:\/\/www.hoteldelloperavenice.com\/fr\/wp-json\/wp\/v2\/users\/13"}],"replies":[{"embeddable":true,"href":"https:\/\/www.hoteldelloperavenice.com\/fr\/wp-json\/wp\/v2\/comments?post=100"}],"version-history":[{"count":0,"href":"https:\/\/www.hoteldelloperavenice.com\/fr\/wp-json\/wp\/v2\/pages\/100\/revisions"}],"wp:attachment":[{"href":"https:\/\/www.hoteldelloperavenice.com\/fr\/wp-json\/wp\/v2\/media?parent=100"}],"curies":[{"name":"wp","href":"https:\/\/api.w.org\/{rel}","templated":true}]}}