{"id":186,"date":"2024-10-09T13:43:25","date_gmt":"2024-10-09T13:43:25","guid":{"rendered":"https:\/\/hotel-dell-opera.ms2.decms.eu\/?page_id=186"},"modified":"2024-10-15T10:24:32","modified_gmt":"2024-10-15T10:24:32","slug":"double-classic","status":"publish","type":"page","link":"https:\/\/www.hoteldelloperavenice.com\/fr\/chambre\/double-classic\/","title":{"rendered":"Double Classic"},"content":{"rendered":"<p>Chaleureuses et confortables, elles sont id\u00e9ales pour un s\u00e9jour romantique dans un charmant d\u00e9cor aux tentures et aux sols \u00e0 la V\u00e9nitienne ou dot\u00e9 de parquet. T\u00e9l\u00e9vision par satellite, \u00e9cran LCD, Internet Wi-Fi et vue sur les palais de Venise.<\/p>\n","protected":false},"excerpt":{"rendered":"<p>Chaleureuses et confortables, elles sont id\u00e9ales pour un s\u00e9jour romantique dans un charmant d\u00e9cor aux tentures et aux sols \u00e0 la V\u00e9nitienne ou dot\u00e9 de parquet. T\u00e9l\u00e9vision par satellite, \u00e9cran LCD, Internet Wi-Fi et vue sur les palais de Venise.<\/p>\n","protected":false},"author":13,"featured_media":0,"parent":34,"menu_order":5,"comment_status":"closed","ping_status":"closed","template":"template-single-room.php","meta":{"footnotes":""},"yoast_head":"<!-- This site is optimized with the Yoast SEO plugin v22.3 - https:\/\/yoast.com\/wordpress\/plugins\/seo\/ -->\n<title>Double Classic - Hotel dell&#039;Opera -<\/title>\n<meta name=\"description\" content=\"Chaleureuses et confortables, elles sont id\u00e9ales pour un s\u00e9jour romantique dans un charmant d\u00e9cor aux tentures et aux sols \u00e0 la V\u00e9nitienne ou dot\u00e9 de parquet. T\u00e9l\u00e9vision par satellite, \u00e9cran LCD, Internet Wi-Fi et vue sur les palais de Venise.\" \/>\n<meta name=\"robots\" content=\"index, follow, max-snippet:-1, max-image-preview:large, max-video-preview:-1\" \/>\n<link rel=\"canonical\" href=\"https:\/\/www.hoteldelloperavenice.com\/fr\/chambre\/double-classic\/\" \/>\n<meta property=\"og:locale\" content=\"fr_FR\" \/>\n<meta property=\"og:type\" content=\"article\" \/>\n<meta property=\"og:title\" content=\"Double Classic - Hotel dell&#039;Opera -\" \/>\n<meta property=\"og:description\" content=\"Chaleureuses et confortables, elles sont id\u00e9ales pour un s\u00e9jour romantique dans un charmant d\u00e9cor aux tentures et aux sols \u00e0 la V\u00e9nitienne ou dot\u00e9 de parquet. T\u00e9l\u00e9vision par satellite, \u00e9cran LCD, Internet Wi-Fi et vue sur les palais de Venise.\" \/>\n<meta property=\"og:url\" content=\"https:\/\/www.hoteldelloperavenice.com\/fr\/chambre\/double-classic\/\" \/>\n<meta property=\"og:site_name\" content=\"Hotel dell&#039;Opera\" \/>\n<meta property=\"article:publisher\" content=\"https:\/\/www.facebook.com\/Hotel-dellOpera-Venice-419269684836967\/\" \/>\n<meta property=\"article:modified_time\" content=\"2024-10-15T10:24:32+00:00\" \/>\n<meta name=\"twitter:card\" content=\"summary_large_image\" \/>\n<meta name=\"twitter:label1\" content=\"Dur\u00e9e de lecture estim\u00e9e\" \/>\n\t<meta name=\"twitter:data1\" content=\"1 minute\" \/>\n<script type=\"application\/ld+json\" class=\"yoast-schema-graph\">{\"@context\":\"https:\/\/schema.org\",\"@graph\":[{\"@type\":\"WebPage\",\"@id\":\"https:\/\/www.hoteldelloperavenice.com\/fr\/chambre\/double-classic\/\",\"url\":\"https:\/\/www.hoteldelloperavenice.com\/fr\/chambre\/double-classic\/\",\"name\":\"Double Classic - Hotel dell&#039;Opera -\",\"isPartOf\":{\"@id\":\"https:\/\/www.hoteldelloperavenice.com\/fr\/#website\"},\"datePublished\":\"2024-10-09T13:43:25+00:00\",\"dateModified\":\"2024-10-15T10:24:32+00:00\",\"description\":\"Chaleureuses et confortables, elles sont id\u00e9ales pour un s\u00e9jour romantique dans un charmant d\u00e9cor aux tentures et aux sols \u00e0 la V\u00e9nitienne ou dot\u00e9 de parquet. T\u00e9l\u00e9vision par satellite, \u00e9cran LCD, Internet Wi-Fi et vue sur les palais de Venise.\",\"breadcrumb\":{\"@id\":\"https:\/\/www.hoteldelloperavenice.com\/fr\/chambre\/double-classic\/#breadcrumb\"},\"inLanguage\":\"fr-FR\",\"potentialAction\":[{\"@type\":\"ReadAction\",\"target\":[\"https:\/\/www.hoteldelloperavenice.com\/fr\/chambre\/double-classic\/\"]}]},{\"@type\":\"BreadcrumbList\",\"@id\":\"https:\/\/www.hoteldelloperavenice.com\/fr\/chambre\/double-classic\/#breadcrumb\",\"itemListElement\":[{\"@type\":\"ListItem\",\"position\":1,\"name\":\"Home\",\"item\":\"https:\/\/www.hoteldelloperavenice.com\/fr\/\"},{\"@type\":\"ListItem\",\"position\":2,\"name\":\"Chambre\",\"item\":\"https:\/\/www.hoteldelloperavenice.com\/fr\/chambre\/\"},{\"@type\":\"ListItem\",\"position\":3,\"name\":\"Double Classic\"}]},{\"@type\":\"WebSite\",\"@id\":\"https:\/\/www.hoteldelloperavenice.com\/fr\/#website\",\"url\":\"https:\/\/www.hoteldelloperavenice.com\/fr\/\",\"name\":\"Hotel dell'Opera\",\"description\":\"\",\"publisher\":{\"@id\":\"https:\/\/www.hoteldelloperavenice.com\/fr\/#organization\"},\"potentialAction\":[{\"@type\":\"SearchAction\",\"target\":{\"@type\":\"EntryPoint\",\"urlTemplate\":\"https:\/\/www.hoteldelloperavenice.com\/fr\/?s={search_term_string}\"},\"query-input\":\"required name=search_term_string\"}],\"inLanguage\":\"fr-FR\"},{\"@type\":\"Organization\",\"@id\":\"https:\/\/www.hoteldelloperavenice.com\/fr\/#organization\",\"name\":\"Hotel dell'Opera\",\"url\":\"https:\/\/www.hoteldelloperavenice.com\/fr\/\",\"logo\":{\"@type\":\"ImageObject\",\"inLanguage\":\"fr-FR\",\"@id\":\"https:\/\/www.hoteldelloperavenice.com\/fr\/#\/schema\/logo\/image\/\",\"url\":\"https:\/\/www.hoteldelloperavenice.com\/wp-content\/uploads\/sites\/175\/2024\/10\/HdO-logo_colorato.png\",\"contentUrl\":\"https:\/\/www.hoteldelloperavenice.com\/wp-content\/uploads\/sites\/175\/2024\/10\/HdO-logo_colorato.png\",\"width\":500,\"height\":563,\"caption\":\"Hotel dell'Opera\"},\"image\":{\"@id\":\"https:\/\/www.hoteldelloperavenice.com\/fr\/#\/schema\/logo\/image\/\"},\"sameAs\":[\"https:\/\/www.facebook.com\/Hotel-dellOpera-Venice-419269684836967\/\",\"https:\/\/www.instagram.com\/hoteldelloperavenice\/?hl=it\"]}]}<\/script>\n<!-- \/ Yoast SEO plugin. -->","yoast_head_json":{"title":"Double Classic - Hotel dell&#039;Opera -","description":"Chaleureuses et confortables, elles sont id\u00e9ales pour un s\u00e9jour romantique dans un charmant d\u00e9cor aux tentures et aux sols \u00e0 la V\u00e9nitienne ou dot\u00e9 de parquet. T\u00e9l\u00e9vision par satellite, \u00e9cran LCD, Internet Wi-Fi et vue sur les palais de Venise.","robots":{"index":"index","follow":"follow","max-snippet":"max-snippet:-1","max-image-preview":"max-image-preview:large","max-video-preview":"max-video-preview:-1"},"canonical":"https:\/\/www.hoteldelloperavenice.com\/fr\/chambre\/double-classic\/","og_locale":"fr_FR","og_type":"article","og_title":"Double Classic - Hotel dell&#039;Opera -","og_description":"Chaleureuses et confortables, elles sont id\u00e9ales pour un s\u00e9jour romantique dans un charmant d\u00e9cor aux tentures et aux sols \u00e0 la V\u00e9nitienne ou dot\u00e9 de parquet. T\u00e9l\u00e9vision par satellite, \u00e9cran LCD, Internet Wi-Fi et vue sur les palais de Venise.","og_url":"https:\/\/www.hoteldelloperavenice.com\/fr\/chambre\/double-classic\/","og_site_name":"Hotel dell&#039;Opera","article_publisher":"https:\/\/www.facebook.com\/Hotel-dellOpera-Venice-419269684836967\/","article_modified_time":"2024-10-15T10:24:32+00:00","twitter_card":"summary_large_image","twitter_misc":{"Dur\u00e9e de lecture estim\u00e9e":"1 minute"},"schema":{"@context":"https:\/\/schema.org","@graph":[{"@type":"WebPage","@id":"https:\/\/www.hoteldelloperavenice.com\/fr\/chambre\/double-classic\/","url":"https:\/\/www.hoteldelloperavenice.com\/fr\/chambre\/double-classic\/","name":"Double Classic - Hotel dell&#039;Opera -","isPartOf":{"@id":"https:\/\/www.hoteldelloperavenice.com\/fr\/#website"},"datePublished":"2024-10-09T13:43:25+00:00","dateModified":"2024-10-15T10:24:32+00:00","description":"Chaleureuses et confortables, elles sont id\u00e9ales pour un s\u00e9jour romantique dans un charmant d\u00e9cor aux tentures et aux sols \u00e0 la V\u00e9nitienne ou dot\u00e9 de parquet. T\u00e9l\u00e9vision par satellite, \u00e9cran LCD, Internet Wi-Fi et vue sur les palais de Venise.","breadcrumb":{"@id":"https:\/\/www.hoteldelloperavenice.com\/fr\/chambre\/double-classic\/#breadcrumb"},"inLanguage":"fr-FR","potentialAction":[{"@type":"ReadAction","target":["https:\/\/www.hoteldelloperavenice.com\/fr\/chambre\/double-classic\/"]}]},{"@type":"BreadcrumbList","@id":"https:\/\/www.hoteldelloperavenice.com\/fr\/chambre\/double-classic\/#breadcrumb","itemListElement":[{"@type":"ListItem","position":1,"name":"Home","item":"https:\/\/www.hoteldelloperavenice.com\/fr\/"},{"@type":"ListItem","position":2,"name":"Chambre","item":"https:\/\/www.hoteldelloperavenice.com\/fr\/chambre\/"},{"@type":"ListItem","position":3,"name":"Double Classic"}]},{"@type":"WebSite","@id":"https:\/\/www.hoteldelloperavenice.com\/fr\/#website","url":"https:\/\/www.hoteldelloperavenice.com\/fr\/","name":"Hotel dell'Opera","description":"","publisher":{"@id":"https:\/\/www.hoteldelloperavenice.com\/fr\/#organization"},"potentialAction":[{"@type":"SearchAction","target":{"@type":"EntryPoint","urlTemplate":"https:\/\/www.hoteldelloperavenice.com\/fr\/?s={search_term_string}"},"query-input":"required name=search_term_string"}],"inLanguage":"fr-FR"},{"@type":"Organization","@id":"https:\/\/www.hoteldelloperavenice.com\/fr\/#organization","name":"Hotel dell'Opera","url":"https:\/\/www.hoteldelloperavenice.com\/fr\/","logo":{"@type":"ImageObject","inLanguage":"fr-FR","@id":"https:\/\/www.hoteldelloperavenice.com\/fr\/#\/schema\/logo\/image\/","url":"https:\/\/www.hoteldelloperavenice.com\/wp-content\/uploads\/sites\/175\/2024\/10\/HdO-logo_colorato.png","contentUrl":"https:\/\/www.hoteldelloperavenice.com\/wp-content\/uploads\/sites\/175\/2024\/10\/HdO-logo_colorato.png","width":500,"height":563,"caption":"Hotel dell'Opera"},"image":{"@id":"https:\/\/www.hoteldelloperavenice.com\/fr\/#\/schema\/logo\/image\/"},"sameAs":["https:\/\/www.facebook.com\/Hotel-dellOpera-Venice-419269684836967\/","https:\/\/www.instagram.com\/hoteldelloperavenice\/?hl=it"]}]}},"acf":[],"_links":{"self":[{"href":"https:\/\/www.hoteldelloperavenice.com\/fr\/wp-json\/wp\/v2\/pages\/186"}],"collection":[{"href":"https:\/\/www.hoteldelloperavenice.com\/fr\/wp-json\/wp\/v2\/pages"}],"about":[{"href":"https:\/\/www.hoteldelloperavenice.com\/fr\/wp-json\/wp\/v2\/types\/page"}],"author":[{"embeddable":true,"href":"https:\/\/www.hoteldelloperavenice.com\/fr\/wp-json\/wp\/v2\/users\/13"}],"replies":[{"embeddable":true,"href":"https:\/\/www.hoteldelloperavenice.com\/fr\/wp-json\/wp\/v2\/comments?post=186"}],"version-history":[{"count":0,"href":"https:\/\/www.hoteldelloperavenice.com\/fr\/wp-json\/wp\/v2\/pages\/186\/revisions"}],"up":[{"embeddable":true,"href":"https:\/\/www.hoteldelloperavenice.com\/fr\/wp-json\/wp\/v2\/pages\/34"}],"wp:attachment":[{"href":"https:\/\/www.hoteldelloperavenice.com\/fr\/wp-json\/wp\/v2\/media?parent=186"}],"curies":[{"name":"wp","href":"https:\/\/api.w.org\/{rel}","templated":true}]}}