{"id":6,"date":"2024-10-09T08:26:52","date_gmt":"2024-10-09T08:26:52","guid":{"rendered":"https:\/\/hotel-dell-opera.ms2.decms.eu\/?page_id=6"},"modified":"2026-03-10T18:56:47","modified_gmt":"2026-03-10T18:56:47","slug":"bienvenue-a-lhotel-dellopera","status":"publish","type":"page","link":"https:\/\/www.hoteldelloperavenice.com\/fr\/","title":{"rendered":"Bienvenue \u00e0 l&rsquo;H\u00f4tel dell&rsquo;Opera"},"content":{"rendered":"<p><strong>Venise<\/strong> d\u00e9sir\u00e9e, Venise r\u00eav\u00e9e. Ses couleurs et sa lumi\u00e8re. L&rsquo;\u00e9motion de l&rsquo;extase face \u00e0 la beaut\u00e9 de la <strong>Place Saint-Marc<\/strong>, la magie des ruelles cach\u00e9es, les atmosph\u00e8res litt\u00e9raires d&rsquo;autrefois et les atmosph\u00e8res color\u00e9es de la Venise contemporaine.<\/p>\n<p>L\u2019<strong>Hotel dell\u2019Opera<\/strong> vous attend \u00e0 Venise pour partager avec vous le plaisir de vacances dans un charmant <strong>h\u00f4tel 3 \u00e9toiles<\/strong> du centre historique, unique pour son style et son \u00e9l\u00e9gance.<\/p>\n","protected":false},"excerpt":{"rendered":"<p>Venise d\u00e9sir\u00e9e, Venise r\u00eav\u00e9e. Ses couleurs et sa lumi\u00e8re. L&rsquo;\u00e9motion de l&rsquo;extase face \u00e0 la beaut\u00e9 de la Place Saint-Marc, la magie des ruelles cach\u00e9es, les atmosph\u00e8res litt\u00e9raires d&rsquo;autrefois et les atmosph\u00e8res color\u00e9es de la Venise contemporaine. L\u2019Hotel dell\u2019Opera vous attend \u00e0 Venise pour partager avec vous le plaisir de vacances dans un charmant h\u00f4tel [&hellip;]<\/p>\n","protected":false},"author":13,"featured_media":0,"parent":0,"menu_order":0,"comment_status":"closed","ping_status":"closed","template":"","meta":{"footnotes":""},"class_list":["post-6","page","type-page","status-publish","hentry"],"yoast_head":"<!-- This site is optimized with the Yoast SEO plugin v27.3 - https:\/\/yoast.com\/product\/yoast-seo-wordpress\/ -->\n<title>Bienvenue \u00e0 l&#039;H\u00f4tel dell&#039;Opera - Hotel dell&#039;Opera -<\/title>\n<meta name=\"description\" content=\"Venise d\u00e9sir\u00e9e, Venise r\u00eav\u00e9e. Ses couleurs et sa lumi\u00e8re\" \/>\n<meta name=\"robots\" content=\"index, follow, max-snippet:-1, max-image-preview:large, max-video-preview:-1\" \/>\n<link rel=\"canonical\" href=\"https:\/\/www.hoteldelloperavenice.com\/fr\/\" \/>\n<meta property=\"og:locale\" content=\"fr_FR\" \/>\n<meta property=\"og:type\" content=\"article\" \/>\n<meta property=\"og:title\" content=\"Bienvenue \u00e0 l&#039;H\u00f4tel dell&#039;Opera - Hotel dell&#039;Opera -\" \/>\n<meta property=\"og:description\" content=\"Venise d\u00e9sir\u00e9e, Venise r\u00eav\u00e9e. Ses couleurs et sa lumi\u00e8re\" \/>\n<meta property=\"og:url\" content=\"https:\/\/www.hoteldelloperavenice.com\/fr\/\" \/>\n<meta property=\"og:site_name\" content=\"Hotel dell&#039;Opera\" \/>\n<meta property=\"article:publisher\" content=\"https:\/\/www.facebook.com\/Hotel-dellOpera-Venice-419269684836967\/\" \/>\n<meta property=\"article:modified_time\" content=\"2026-03-10T18:56:47+00:00\" \/>\n<meta name=\"twitter:card\" content=\"summary_large_image\" \/>\n<meta name=\"twitter:label1\" content=\"Dur\u00e9e de lecture estim\u00e9e\" \/>\n\t<meta name=\"twitter:data1\" content=\"1 minute\" \/>\n<script type=\"application\/ld+json\" class=\"yoast-schema-graph\">{\"@context\":\"https:\\\/\\\/schema.org\",\"@graph\":[{\"@type\":\"WebPage\",\"@id\":\"https:\\\/\\\/www.hoteldelloperavenice.com\\\/fr\\\/\",\"url\":\"https:\\\/\\\/www.hoteldelloperavenice.com\\\/fr\\\/\",\"name\":\"Bienvenue \u00e0 l'H\u00f4tel dell'Opera - Hotel dell&#039;Opera -\",\"isPartOf\":{\"@id\":\"https:\\\/\\\/www.hoteldelloperavenice.com\\\/fr\\\/#website\"},\"datePublished\":\"2024-10-09T08:26:52+00:00\",\"dateModified\":\"2026-03-10T18:56:47+00:00\",\"description\":\"Venise d\u00e9sir\u00e9e, Venise r\u00eav\u00e9e. Ses couleurs et sa lumi\u00e8re\",\"breadcrumb\":{\"@id\":\"https:\\\/\\\/www.hoteldelloperavenice.com\\\/fr\\\/#breadcrumb\"},\"inLanguage\":\"fr-FR\",\"potentialAction\":[{\"@type\":\"ReadAction\",\"target\":[\"https:\\\/\\\/www.hoteldelloperavenice.com\\\/fr\\\/\"]}]},{\"@type\":\"BreadcrumbList\",\"@id\":\"https:\\\/\\\/www.hoteldelloperavenice.com\\\/fr\\\/#breadcrumb\",\"itemListElement\":[{\"@type\":\"ListItem\",\"position\":1,\"name\":\"Home\",\"item\":\"https:\\\/\\\/www.hoteldelloperavenice.com\\\/fr\\\/\"},{\"@type\":\"ListItem\",\"position\":2,\"name\":\"Bienvenue \u00e0 l&#8217;H\u00f4tel dell&#8217;Opera\"}]},{\"@type\":\"WebSite\",\"@id\":\"https:\\\/\\\/www.hoteldelloperavenice.com\\\/fr\\\/#website\",\"url\":\"https:\\\/\\\/www.hoteldelloperavenice.com\\\/fr\\\/\",\"name\":\"Hotel dell'Opera\",\"description\":\"\",\"publisher\":{\"@id\":\"https:\\\/\\\/www.hoteldelloperavenice.com\\\/fr\\\/#organization\"},\"potentialAction\":[{\"@type\":\"SearchAction\",\"target\":{\"@type\":\"EntryPoint\",\"urlTemplate\":\"https:\\\/\\\/www.hoteldelloperavenice.com\\\/fr\\\/?s={search_term_string}\"},\"query-input\":{\"@type\":\"PropertyValueSpecification\",\"valueRequired\":true,\"valueName\":\"search_term_string\"}}],\"inLanguage\":\"fr-FR\"},{\"@type\":\"Organization\",\"@id\":\"https:\\\/\\\/www.hoteldelloperavenice.com\\\/fr\\\/#organization\",\"name\":\"Hotel dell'Opera\",\"url\":\"https:\\\/\\\/www.hoteldelloperavenice.com\\\/fr\\\/\",\"logo\":{\"@type\":\"ImageObject\",\"inLanguage\":\"fr-FR\",\"@id\":\"https:\\\/\\\/www.hoteldelloperavenice.com\\\/fr\\\/#\\\/schema\\\/logo\\\/image\\\/\",\"url\":\"https:\\\/\\\/www.hoteldelloperavenice.com\\\/wp-content\\\/uploads\\\/sites\\\/175\\\/2024\\\/10\\\/HdO-logo_colorato.png\",\"contentUrl\":\"https:\\\/\\\/www.hoteldelloperavenice.com\\\/wp-content\\\/uploads\\\/sites\\\/175\\\/2024\\\/10\\\/HdO-logo_colorato.png\",\"width\":500,\"height\":563,\"caption\":\"Hotel dell'Opera\"},\"image\":{\"@id\":\"https:\\\/\\\/www.hoteldelloperavenice.com\\\/fr\\\/#\\\/schema\\\/logo\\\/image\\\/\"},\"sameAs\":[\"https:\\\/\\\/www.facebook.com\\\/Hotel-dellOpera-Venice-419269684836967\\\/\",\"https:\\\/\\\/www.instagram.com\\\/hoteldelloperavenice\\\/?hl=it\"]}]}<\/script>\n<!-- \/ Yoast SEO plugin. -->","yoast_head_json":{"title":"Bienvenue \u00e0 l'H\u00f4tel dell'Opera - Hotel dell&#039;Opera -","description":"Venise d\u00e9sir\u00e9e, Venise r\u00eav\u00e9e. Ses couleurs et sa lumi\u00e8re","robots":{"index":"index","follow":"follow","max-snippet":"max-snippet:-1","max-image-preview":"max-image-preview:large","max-video-preview":"max-video-preview:-1"},"canonical":"https:\/\/www.hoteldelloperavenice.com\/fr\/","og_locale":"fr_FR","og_type":"article","og_title":"Bienvenue \u00e0 l'H\u00f4tel dell'Opera - Hotel dell&#039;Opera -","og_description":"Venise d\u00e9sir\u00e9e, Venise r\u00eav\u00e9e. Ses couleurs et sa lumi\u00e8re","og_url":"https:\/\/www.hoteldelloperavenice.com\/fr\/","og_site_name":"Hotel dell&#039;Opera","article_publisher":"https:\/\/www.facebook.com\/Hotel-dellOpera-Venice-419269684836967\/","article_modified_time":"2026-03-10T18:56:47+00:00","twitter_card":"summary_large_image","twitter_misc":{"Dur\u00e9e de lecture estim\u00e9e":"1 minute"},"schema":{"@context":"https:\/\/schema.org","@graph":[{"@type":"WebPage","@id":"https:\/\/www.hoteldelloperavenice.com\/fr\/","url":"https:\/\/www.hoteldelloperavenice.com\/fr\/","name":"Bienvenue \u00e0 l'H\u00f4tel dell'Opera - Hotel dell&#039;Opera -","isPartOf":{"@id":"https:\/\/www.hoteldelloperavenice.com\/fr\/#website"},"datePublished":"2024-10-09T08:26:52+00:00","dateModified":"2026-03-10T18:56:47+00:00","description":"Venise d\u00e9sir\u00e9e, Venise r\u00eav\u00e9e. Ses couleurs et sa lumi\u00e8re","breadcrumb":{"@id":"https:\/\/www.hoteldelloperavenice.com\/fr\/#breadcrumb"},"inLanguage":"fr-FR","potentialAction":[{"@type":"ReadAction","target":["https:\/\/www.hoteldelloperavenice.com\/fr\/"]}]},{"@type":"BreadcrumbList","@id":"https:\/\/www.hoteldelloperavenice.com\/fr\/#breadcrumb","itemListElement":[{"@type":"ListItem","position":1,"name":"Home","item":"https:\/\/www.hoteldelloperavenice.com\/fr\/"},{"@type":"ListItem","position":2,"name":"Bienvenue \u00e0 l&#8217;H\u00f4tel dell&#8217;Opera"}]},{"@type":"WebSite","@id":"https:\/\/www.hoteldelloperavenice.com\/fr\/#website","url":"https:\/\/www.hoteldelloperavenice.com\/fr\/","name":"Hotel dell'Opera","description":"","publisher":{"@id":"https:\/\/www.hoteldelloperavenice.com\/fr\/#organization"},"potentialAction":[{"@type":"SearchAction","target":{"@type":"EntryPoint","urlTemplate":"https:\/\/www.hoteldelloperavenice.com\/fr\/?s={search_term_string}"},"query-input":{"@type":"PropertyValueSpecification","valueRequired":true,"valueName":"search_term_string"}}],"inLanguage":"fr-FR"},{"@type":"Organization","@id":"https:\/\/www.hoteldelloperavenice.com\/fr\/#organization","name":"Hotel dell'Opera","url":"https:\/\/www.hoteldelloperavenice.com\/fr\/","logo":{"@type":"ImageObject","inLanguage":"fr-FR","@id":"https:\/\/www.hoteldelloperavenice.com\/fr\/#\/schema\/logo\/image\/","url":"https:\/\/www.hoteldelloperavenice.com\/wp-content\/uploads\/sites\/175\/2024\/10\/HdO-logo_colorato.png","contentUrl":"https:\/\/www.hoteldelloperavenice.com\/wp-content\/uploads\/sites\/175\/2024\/10\/HdO-logo_colorato.png","width":500,"height":563,"caption":"Hotel dell'Opera"},"image":{"@id":"https:\/\/www.hoteldelloperavenice.com\/fr\/#\/schema\/logo\/image\/"},"sameAs":["https:\/\/www.facebook.com\/Hotel-dellOpera-Venice-419269684836967\/","https:\/\/www.instagram.com\/hoteldelloperavenice\/?hl=it"]}]}},"acf":[],"_links":{"self":[{"href":"https:\/\/www.hoteldelloperavenice.com\/fr\/wp-json\/wp\/v2\/pages\/6","targetHints":{"allow":["GET"]}}],"collection":[{"href":"https:\/\/www.hoteldelloperavenice.com\/fr\/wp-json\/wp\/v2\/pages"}],"about":[{"href":"https:\/\/www.hoteldelloperavenice.com\/fr\/wp-json\/wp\/v2\/types\/page"}],"author":[{"embeddable":true,"href":"https:\/\/www.hoteldelloperavenice.com\/fr\/wp-json\/wp\/v2\/users\/13"}],"replies":[{"embeddable":true,"href":"https:\/\/www.hoteldelloperavenice.com\/fr\/wp-json\/wp\/v2\/comments?post=6"}],"version-history":[{"count":0,"href":"https:\/\/www.hoteldelloperavenice.com\/fr\/wp-json\/wp\/v2\/pages\/6\/revisions"}],"wp:attachment":[{"href":"https:\/\/www.hoteldelloperavenice.com\/fr\/wp-json\/wp\/v2\/media?parent=6"}],"curies":[{"name":"wp","href":"https:\/\/api.w.org\/{rel}","templated":true}]}}