{"id":85,"date":"2024-10-09T15:49:19","date_gmt":"2024-10-09T15:49:19","guid":{"rendered":"https:\/\/hotel-dell-opera.ms2.decms.eu\/?page_id=85"},"modified":"2024-10-15T12:19:39","modified_gmt":"2024-10-15T12:19:39","slug":"chambres-communicantes","status":"publish","type":"page","link":"https:\/\/www.hoteldelloperavenice.com\/fr\/chambre\/chambres-communicantes\/","title":{"rendered":"Chambres Communicantes"},"content":{"rendered":"<p>Particuli\u00e8rement adapt\u00e9e aux familles nombreuses (4 \u00e0 6 personnes), les chambres communicantes sont compos\u00e9e de deux espaces nuit s\u00e9par\u00e9s, chacun avec une porte priv\u00e9e et une salle de bain ind\u00e9pendante. Les 2 espaces nuit, form\u00e9s d&rsquo;une chambre double Classic et d&rsquo;une chambre Confort quadruple, sont avec portes communiquantes.<\/p>\n<p>Gr\u00e2ce \u00e0 ses caract\u00e9ristiques, les chambres communicantes est la solution id\u00e9ale pour r\u00e9pondre aux besoins de vie priv\u00e9e des parents, b\u00e9n\u00e9ficiant d&rsquo;espaces plus grands tout en maintenant un contr\u00f4le total sur les enfants.<\/p>\n<p>&nbsp;<\/p>\n<p><a href=\"mailto:info@hoteldelloperavenice.com\"><strong>Demander la disponibilit\u00e9<\/strong><\/a><\/p>\n","protected":false},"excerpt":{"rendered":"<p>Particuli\u00e8rement adapt\u00e9e aux familles nombreuses (4 \u00e0 6 personnes), les chambres communicantes sont compos\u00e9e de deux espaces nuit s\u00e9par\u00e9s, chacun avec une porte priv\u00e9e et une salle de bain ind\u00e9pendante. Les 2 espaces nuit, form\u00e9s d&rsquo;une chambre double Classic et d&rsquo;une chambre Confort quadruple, sont avec portes communiquantes. Gr\u00e2ce \u00e0 ses caract\u00e9ristiques, les chambres communicantes [&hellip;]<\/p>\n","protected":false},"author":13,"featured_media":0,"parent":34,"menu_order":30,"comment_status":"closed","ping_status":"closed","template":"template-single-room.php","meta":{"footnotes":""},"yoast_head":"<!-- This site is optimized with the Yoast SEO plugin v22.3 - https:\/\/yoast.com\/wordpress\/plugins\/seo\/ -->\n<title>Chambres Communicantes - Hotel dell&#039;Opera -<\/title>\n<meta name=\"description\" content=\"Particuli\u00e8rement adapt\u00e9e aux familles nombreuses (4 \u00e0 6 personnes), les chambres communicantes sont compos\u00e9e de deux espaces nuit s\u00e9par\u00e9s, chacun avec une porte priv\u00e9e et une salle de bain ind\u00e9pendante. Les 2 espaces nuit, form\u00e9s d&#039;une chambre double Classic et d&#039;une chambre Confort quadruple, sont avec portes communiquantes.  Gr\u00e2ce \u00e0 ses caract\u00e9ristiques, les chambres communicantes est la solution id\u00e9ale pour r\u00e9pondre aux besoins de vie priv\u00e9e des parents, b\u00e9n\u00e9ficiant d&#039;espaces plus grands tout en maintenant un contr\u00f4le total sur les enfants.  &nbsp;  Demander la disponibilit\u00e9\" \/>\n<meta name=\"robots\" content=\"index, follow, max-snippet:-1, max-image-preview:large, max-video-preview:-1\" \/>\n<link rel=\"canonical\" href=\"https:\/\/www.hoteldelloperavenice.com\/fr\/chambre\/chambres-communicantes\/\" \/>\n<meta property=\"og:locale\" content=\"fr_FR\" \/>\n<meta property=\"og:type\" content=\"article\" \/>\n<meta property=\"og:title\" content=\"Chambres Communicantes - Hotel dell&#039;Opera -\" \/>\n<meta property=\"og:description\" content=\"Particuli\u00e8rement adapt\u00e9e aux familles nombreuses (4 \u00e0 6 personnes), les chambres communicantes sont compos\u00e9e de deux espaces nuit s\u00e9par\u00e9s, chacun avec une porte priv\u00e9e et une salle de bain ind\u00e9pendante. Les 2 espaces nuit, form\u00e9s d&#039;une chambre double Classic et d&#039;une chambre Confort quadruple, sont avec portes communiquantes.  Gr\u00e2ce \u00e0 ses caract\u00e9ristiques, les chambres communicantes est la solution id\u00e9ale pour r\u00e9pondre aux besoins de vie priv\u00e9e des parents, b\u00e9n\u00e9ficiant d&#039;espaces plus grands tout en maintenant un contr\u00f4le total sur les enfants.  &nbsp;  Demander la disponibilit\u00e9\" \/>\n<meta property=\"og:url\" content=\"https:\/\/www.hoteldelloperavenice.com\/fr\/chambre\/chambres-communicantes\/\" \/>\n<meta property=\"og:site_name\" content=\"Hotel dell&#039;Opera\" \/>\n<meta property=\"article:publisher\" content=\"https:\/\/www.facebook.com\/Hotel-dellOpera-Venice-419269684836967\/\" \/>\n<meta property=\"article:modified_time\" content=\"2024-10-15T12:19:39+00:00\" \/>\n<meta name=\"twitter:card\" content=\"summary_large_image\" \/>\n<script type=\"application\/ld+json\" class=\"yoast-schema-graph\">{\"@context\":\"https:\/\/schema.org\",\"@graph\":[{\"@type\":\"WebPage\",\"@id\":\"https:\/\/www.hoteldelloperavenice.com\/fr\/chambre\/chambres-communicantes\/\",\"url\":\"https:\/\/www.hoteldelloperavenice.com\/fr\/chambre\/chambres-communicantes\/\",\"name\":\"Chambres Communicantes - Hotel dell&#039;Opera -\",\"isPartOf\":{\"@id\":\"https:\/\/www.hoteldelloperavenice.com\/fr\/#website\"},\"datePublished\":\"2024-10-09T15:49:19+00:00\",\"dateModified\":\"2024-10-15T12:19:39+00:00\",\"description\":\"Particuli\u00e8rement adapt\u00e9e aux familles nombreuses (4 \u00e0 6 personnes), les chambres communicantes sont compos\u00e9e de deux espaces nuit s\u00e9par\u00e9s, chacun avec une porte priv\u00e9e et une salle de bain ind\u00e9pendante. Les 2 espaces nuit, form\u00e9s d'une chambre double Classic et d'une chambre Confort quadruple, sont avec portes communiquantes. Gr\u00e2ce \u00e0 ses caract\u00e9ristiques, les chambres communicantes est la solution id\u00e9ale pour r\u00e9pondre aux besoins de vie priv\u00e9e des parents, b\u00e9n\u00e9ficiant d'espaces plus grands tout en maintenant un contr\u00f4le total sur les enfants. &nbsp; Demander la disponibilit\u00e9\",\"breadcrumb\":{\"@id\":\"https:\/\/www.hoteldelloperavenice.com\/fr\/chambre\/chambres-communicantes\/#breadcrumb\"},\"inLanguage\":\"fr-FR\",\"potentialAction\":[{\"@type\":\"ReadAction\",\"target\":[\"https:\/\/www.hoteldelloperavenice.com\/fr\/chambre\/chambres-communicantes\/\"]}]},{\"@type\":\"BreadcrumbList\",\"@id\":\"https:\/\/www.hoteldelloperavenice.com\/fr\/chambre\/chambres-communicantes\/#breadcrumb\",\"itemListElement\":[{\"@type\":\"ListItem\",\"position\":1,\"name\":\"Home\",\"item\":\"https:\/\/www.hoteldelloperavenice.com\/fr\/\"},{\"@type\":\"ListItem\",\"position\":2,\"name\":\"Chambre\",\"item\":\"https:\/\/www.hoteldelloperavenice.com\/fr\/chambre\/\"},{\"@type\":\"ListItem\",\"position\":3,\"name\":\"Chambres Communicantes\"}]},{\"@type\":\"WebSite\",\"@id\":\"https:\/\/www.hoteldelloperavenice.com\/fr\/#website\",\"url\":\"https:\/\/www.hoteldelloperavenice.com\/fr\/\",\"name\":\"Hotel dell'Opera\",\"description\":\"\",\"publisher\":{\"@id\":\"https:\/\/www.hoteldelloperavenice.com\/fr\/#organization\"},\"potentialAction\":[{\"@type\":\"SearchAction\",\"target\":{\"@type\":\"EntryPoint\",\"urlTemplate\":\"https:\/\/www.hoteldelloperavenice.com\/fr\/?s={search_term_string}\"},\"query-input\":\"required name=search_term_string\"}],\"inLanguage\":\"fr-FR\"},{\"@type\":\"Organization\",\"@id\":\"https:\/\/www.hoteldelloperavenice.com\/fr\/#organization\",\"name\":\"Hotel dell'Opera\",\"url\":\"https:\/\/www.hoteldelloperavenice.com\/fr\/\",\"logo\":{\"@type\":\"ImageObject\",\"inLanguage\":\"fr-FR\",\"@id\":\"https:\/\/www.hoteldelloperavenice.com\/fr\/#\/schema\/logo\/image\/\",\"url\":\"https:\/\/www.hoteldelloperavenice.com\/wp-content\/uploads\/sites\/175\/2024\/10\/HdO-logo_colorato.png\",\"contentUrl\":\"https:\/\/www.hoteldelloperavenice.com\/wp-content\/uploads\/sites\/175\/2024\/10\/HdO-logo_colorato.png\",\"width\":500,\"height\":563,\"caption\":\"Hotel dell'Opera\"},\"image\":{\"@id\":\"https:\/\/www.hoteldelloperavenice.com\/fr\/#\/schema\/logo\/image\/\"},\"sameAs\":[\"https:\/\/www.facebook.com\/Hotel-dellOpera-Venice-419269684836967\/\",\"https:\/\/www.instagram.com\/hoteldelloperavenice\/?hl=it\"]}]}<\/script>\n<!-- \/ Yoast SEO plugin. -->","yoast_head_json":{"title":"Chambres Communicantes - Hotel dell&#039;Opera -","description":"Particuli\u00e8rement adapt\u00e9e aux familles nombreuses (4 \u00e0 6 personnes), les chambres communicantes sont compos\u00e9e de deux espaces nuit s\u00e9par\u00e9s, chacun avec une porte priv\u00e9e et une salle de bain ind\u00e9pendante. Les 2 espaces nuit, form\u00e9s d'une chambre double Classic et d'une chambre Confort quadruple, sont avec portes communiquantes.  Gr\u00e2ce \u00e0 ses caract\u00e9ristiques, les chambres communicantes est la solution id\u00e9ale pour r\u00e9pondre aux besoins de vie priv\u00e9e des parents, b\u00e9n\u00e9ficiant d'espaces plus grands tout en maintenant un contr\u00f4le total sur les enfants.  &nbsp;  Demander la disponibilit\u00e9","robots":{"index":"index","follow":"follow","max-snippet":"max-snippet:-1","max-image-preview":"max-image-preview:large","max-video-preview":"max-video-preview:-1"},"canonical":"https:\/\/www.hoteldelloperavenice.com\/fr\/chambre\/chambres-communicantes\/","og_locale":"fr_FR","og_type":"article","og_title":"Chambres Communicantes - Hotel dell&#039;Opera -","og_description":"Particuli\u00e8rement adapt\u00e9e aux familles nombreuses (4 \u00e0 6 personnes), les chambres communicantes sont compos\u00e9e de deux espaces nuit s\u00e9par\u00e9s, chacun avec une porte priv\u00e9e et une salle de bain ind\u00e9pendante. Les 2 espaces nuit, form\u00e9s d'une chambre double Classic et d'une chambre Confort quadruple, sont avec portes communiquantes.  Gr\u00e2ce \u00e0 ses caract\u00e9ristiques, les chambres communicantes est la solution id\u00e9ale pour r\u00e9pondre aux besoins de vie priv\u00e9e des parents, b\u00e9n\u00e9ficiant d'espaces plus grands tout en maintenant un contr\u00f4le total sur les enfants.  &nbsp;  Demander la disponibilit\u00e9","og_url":"https:\/\/www.hoteldelloperavenice.com\/fr\/chambre\/chambres-communicantes\/","og_site_name":"Hotel dell&#039;Opera","article_publisher":"https:\/\/www.facebook.com\/Hotel-dellOpera-Venice-419269684836967\/","article_modified_time":"2024-10-15T12:19:39+00:00","twitter_card":"summary_large_image","schema":{"@context":"https:\/\/schema.org","@graph":[{"@type":"WebPage","@id":"https:\/\/www.hoteldelloperavenice.com\/fr\/chambre\/chambres-communicantes\/","url":"https:\/\/www.hoteldelloperavenice.com\/fr\/chambre\/chambres-communicantes\/","name":"Chambres Communicantes - Hotel dell&#039;Opera -","isPartOf":{"@id":"https:\/\/www.hoteldelloperavenice.com\/fr\/#website"},"datePublished":"2024-10-09T15:49:19+00:00","dateModified":"2024-10-15T12:19:39+00:00","description":"Particuli\u00e8rement adapt\u00e9e aux familles nombreuses (4 \u00e0 6 personnes), les chambres communicantes sont compos\u00e9e de deux espaces nuit s\u00e9par\u00e9s, chacun avec une porte priv\u00e9e et une salle de bain ind\u00e9pendante. Les 2 espaces nuit, form\u00e9s d'une chambre double Classic et d'une chambre Confort quadruple, sont avec portes communiquantes. Gr\u00e2ce \u00e0 ses caract\u00e9ristiques, les chambres communicantes est la solution id\u00e9ale pour r\u00e9pondre aux besoins de vie priv\u00e9e des parents, b\u00e9n\u00e9ficiant d'espaces plus grands tout en maintenant un contr\u00f4le total sur les enfants. &nbsp; Demander la disponibilit\u00e9","breadcrumb":{"@id":"https:\/\/www.hoteldelloperavenice.com\/fr\/chambre\/chambres-communicantes\/#breadcrumb"},"inLanguage":"fr-FR","potentialAction":[{"@type":"ReadAction","target":["https:\/\/www.hoteldelloperavenice.com\/fr\/chambre\/chambres-communicantes\/"]}]},{"@type":"BreadcrumbList","@id":"https:\/\/www.hoteldelloperavenice.com\/fr\/chambre\/chambres-communicantes\/#breadcrumb","itemListElement":[{"@type":"ListItem","position":1,"name":"Home","item":"https:\/\/www.hoteldelloperavenice.com\/fr\/"},{"@type":"ListItem","position":2,"name":"Chambre","item":"https:\/\/www.hoteldelloperavenice.com\/fr\/chambre\/"},{"@type":"ListItem","position":3,"name":"Chambres Communicantes"}]},{"@type":"WebSite","@id":"https:\/\/www.hoteldelloperavenice.com\/fr\/#website","url":"https:\/\/www.hoteldelloperavenice.com\/fr\/","name":"Hotel dell'Opera","description":"","publisher":{"@id":"https:\/\/www.hoteldelloperavenice.com\/fr\/#organization"},"potentialAction":[{"@type":"SearchAction","target":{"@type":"EntryPoint","urlTemplate":"https:\/\/www.hoteldelloperavenice.com\/fr\/?s={search_term_string}"},"query-input":"required name=search_term_string"}],"inLanguage":"fr-FR"},{"@type":"Organization","@id":"https:\/\/www.hoteldelloperavenice.com\/fr\/#organization","name":"Hotel dell'Opera","url":"https:\/\/www.hoteldelloperavenice.com\/fr\/","logo":{"@type":"ImageObject","inLanguage":"fr-FR","@id":"https:\/\/www.hoteldelloperavenice.com\/fr\/#\/schema\/logo\/image\/","url":"https:\/\/www.hoteldelloperavenice.com\/wp-content\/uploads\/sites\/175\/2024\/10\/HdO-logo_colorato.png","contentUrl":"https:\/\/www.hoteldelloperavenice.com\/wp-content\/uploads\/sites\/175\/2024\/10\/HdO-logo_colorato.png","width":500,"height":563,"caption":"Hotel dell'Opera"},"image":{"@id":"https:\/\/www.hoteldelloperavenice.com\/fr\/#\/schema\/logo\/image\/"},"sameAs":["https:\/\/www.facebook.com\/Hotel-dellOpera-Venice-419269684836967\/","https:\/\/www.instagram.com\/hoteldelloperavenice\/?hl=it"]}]}},"acf":[],"_links":{"self":[{"href":"https:\/\/www.hoteldelloperavenice.com\/fr\/wp-json\/wp\/v2\/pages\/85"}],"collection":[{"href":"https:\/\/www.hoteldelloperavenice.com\/fr\/wp-json\/wp\/v2\/pages"}],"about":[{"href":"https:\/\/www.hoteldelloperavenice.com\/fr\/wp-json\/wp\/v2\/types\/page"}],"author":[{"embeddable":true,"href":"https:\/\/www.hoteldelloperavenice.com\/fr\/wp-json\/wp\/v2\/users\/13"}],"replies":[{"embeddable":true,"href":"https:\/\/www.hoteldelloperavenice.com\/fr\/wp-json\/wp\/v2\/comments?post=85"}],"version-history":[{"count":0,"href":"https:\/\/www.hoteldelloperavenice.com\/fr\/wp-json\/wp\/v2\/pages\/85\/revisions"}],"up":[{"embeddable":true,"href":"https:\/\/www.hoteldelloperavenice.com\/fr\/wp-json\/wp\/v2\/pages\/34"}],"wp:attachment":[{"href":"https:\/\/www.hoteldelloperavenice.com\/fr\/wp-json\/wp\/v2\/media?parent=85"}],"curies":[{"name":"wp","href":"https:\/\/api.w.org\/{rel}","templated":true}]}}